{"id":81,"date":"2014-12-10T03:05:42","date_gmt":"2014-12-09T23:05:42","guid":{"rendered":"http:\/\/www.websolution.ee\/kalashnikov2\/?page_id=81"},"modified":"2024-01-09T15:37:47","modified_gmt":"2024-01-09T13:37:47","slug":"consult","status":"publish","type":"page","link":"https:\/\/www.kalashnikov.ee\/ee\/oigusburoo\/teenused\/oigusalane-noustamine","title":{"rendered":"\u00d5igusalane n\u00f5ustamine"},"content":{"rendered":"<p><strong>Kalashnikov \u00d5igusb\u00fcroo<\/strong> p\u00f5hiliseks tegevusalaks on eraisikute ja \u00e4ri\u00fchingute konsulteerimine ning \u00f5igusabi osutamine Eesti Vabariigis ja Euroopa Liidus kehtiva seadusandluse k\u00fcsimustes.<\/p>\n<p><strong>Kvalifitseeritud \u00f5igusalane abi ei ole kunagi liigne. Kehtivate seaduste tundmist n\u00f5udva probleemiga kokkupuutumise korral on k\u00f5ige arukamaks variandiks p\u00f6\u00f6rduda kogenud juristi poole.<\/strong><\/p>\n<p>Juriidilise\/\u00f5igusalase konsultatsiooni hind &#8211;<strong> 90 eurot\/tund<\/strong><\/p>\n<p>Meie b\u00fcroo pakub juriidilisi konsultatsioone j\u00e4rgmistes \u00f5iguse valdkondades:<\/p>\n<ul>\n<li>Tsiviil\u00f5igus, haldus\u00f5igus, era\u00f5igus, riigi\u00f5igus<\/li>\n<li>Perekonna\u00f5igus, p\u00e4rimis\u00f5igus<\/li>\n<li>Lepingu\u00f5igus, v\u00f5la\u00f5igus, asja\u00f5igus<\/li>\n<li>T\u00f6\u00f6\u00f5igus, \u00e4ri\u00f5igus, maksu\u00f5igus<\/li>\n<li>Rahvastiku- ja migratsiooni\u00f5igus, kodakondsus, elamisluba<\/li>\n<li>Kindlustus\u00f5igus, tsiviilvastutus<\/li>\n<li>\u00c4rikonsultatsioonid, ehitus ja kinnisvara<\/li>\n<li>Tarbija \u00f5iguste kaitse<\/li>\n<\/ul>\n<p>Konsultatsioonil tutvub jurist k\u00f5igi olemasolevate dokumentidega, selgitab v\u00e4lja k\u00f5ik vajalikud asjaolud ja vastab k\u00f5igile Teie k\u00fcsimustele. \u00d5igusalase konsultatsiooni j\u00e4rel on Teie k\u00e4sutuses ammendav info probleemi lahendamise perspektiividest ja v\u00f5imalikest viisidest, muuhulgas ka teadmised v\u00f5imalikust aja- ja rahakulust.<\/p>\n<p><strong>NB! \u00d5igusalased konsultatsioonid toimuvad ainult eelneval kokkuleppel Kalashnikov \u00d5igusb\u00fcroo kontoris ning telefoni v\u00f5i e-posti teel.<\/strong><\/p>\n<p>Kalashnikov \u00d5igusb\u00fcroo pakub oma klientidele \u00fcksnes kiiret ja kvaliteetset \u00f5igusalast n\u00f5ustamist ja juriidilist tuge.<\/p>\n<p><strong>Konsultatsiooni aja broneerimiseks palume Teil t\u00e4ita vastav\u00a0<a href=\"http:\/\/www.kalashnikov.ee\/yuridicheskoye-byuro\/zapis-na-priyom\">registreerimisvorm<\/a> meie kodulehel, helistada telefonil 677 55 44 v\u00f5i kirjutada s\u00f5num e-posti aadressile klienditugi@kalashnikov.ee<\/strong><\/p>\n<p><\/p>","protected":false},"excerpt":{"rendered":"<p>Kalashnikov \u00d5igusb\u00fcroo p\u00f5hiliseks tegevusalaks on eraisikute ja \u00e4ri\u00fchingute konsulteerimine ning \u00f5igusabi osutamine Eesti Vabariigis ja Euroopa Liidus kehtiva seadusandluse k\u00fcsimustes&#8230;.<\/p>\n","protected":false},"author":1,"featured_media":0,"parent":14,"menu_order":0,"comment_status":"open","ping_status":"open","template":"page-services.php","meta":{"_acf_changed":false,"footnotes":""},"class_list":["post-81","page","type-page","status-publish","hentry"],"acf":[],"_links":{"self":[{"href":"https:\/\/www.kalashnikov.ee\/ee\/wp-json\/wp\/v2\/pages\/81","targetHints":{"allow":["GET"]}}],"collection":[{"href":"https:\/\/www.kalashnikov.ee\/ee\/wp-json\/wp\/v2\/pages"}],"about":[{"href":"https:\/\/www.kalashnikov.ee\/ee\/wp-json\/wp\/v2\/types\/page"}],"author":[{"embeddable":true,"href":"https:\/\/www.kalashnikov.ee\/ee\/wp-json\/wp\/v2\/users\/1"}],"replies":[{"embeddable":true,"href":"https:\/\/www.kalashnikov.ee\/ee\/wp-json\/wp\/v2\/comments?post=81"}],"version-history":[{"count":33,"href":"https:\/\/www.kalashnikov.ee\/ee\/wp-json\/wp\/v2\/pages\/81\/revisions"}],"predecessor-version":[{"id":5758,"href":"https:\/\/www.kalashnikov.ee\/ee\/wp-json\/wp\/v2\/pages\/81\/revisions\/5758"}],"up":[{"embeddable":true,"href":"https:\/\/www.kalashnikov.ee\/ee\/wp-json\/wp\/v2\/pages\/14"}],"wp:attachment":[{"href":"https:\/\/www.kalashnikov.ee\/ee\/wp-json\/wp\/v2\/media?parent=81"}],"curies":[{"name":"wp","href":"https:\/\/api.w.org\/{rel}","templated":true}]}}