{"id":728,"date":"2015-01-09T17:16:34","date_gmt":"2015-01-09T13:16:34","guid":{"rendered":"http:\/\/www.websolution.ee\/kalashnikov2\/?page_id=728"},"modified":"2021-08-31T00:18:17","modified_gmt":"2021-08-30T21:18:17","slug":"buxgalterskie-uslugi","status":"publish","type":"page","link":"https:\/\/www.kalashnikov.ee\/ee\/valmisfirmade-myyk\/raamatupidamisteenused","title":{"rendered":"Raamatupidamisteenused"},"content":{"rendered":"<p><\/p>\n<p><br \/>\nK\u00f5ik Eestis registreeritud juriidilised isikud on kohustatud korraldama raamatupidamisarvestust. Antud n\u00f5ude peamiseks eesm\u00e4rgiks on saada riigiorganite jaoks teavet ettev\u00f5tte finantsolukorra, majandustulemuste ning samuti rahavoogude kohta.<\/p>\n<p>Meie b\u00fcroo pakub raamatupidamisteenuseid v\u00e4ikestele ja keskmise suurusega ettev\u00f5tetele, sealhulgas firmadele, kes on maksukohustuslased ja mittemaksukohustuslased. Meie klientideks on kaubandus-, transpordi- ja ehitusettev\u00f5tted, kohvikud ja restoranid, veebipoed, IT-ettev\u00f5tted, idufirmad, samuti finants- ja kr\u00fcptoettev\u00f5tted.<\/p>\n<h4 style=\"margin-top:40px;\"><strong>ME LIHTSUSTAME RAAMATUPIDAMIST KVALITEETI KAOTAMATA!<\/strong><\/h4>\n<ul>\n<li><strong>IGAKUINE RAAMATUPIDAMISTEENUS ETTEV\u00d5TTELE \u2014 ALATES 50 \u20ac KUUS<\/strong><\/li>\n<li><strong>AASTAARUANDE ESITAMINE \u2014 ALATES 100 \u20ac<\/strong><\/li>\n<\/ul>\n<p style=\"margin-top:20px;\">Meie ettev\u00f5te pakub oma klientidele tasuta \u00fchendust veebip\u00f5hise raamatupidamiss\u00fcsteemiga, mille abil saate oma klientidele arveid kiiresti ja mugavalt v\u00e4ljastada, samuti saate reaalajas informatiivse \u00fclevaate oma ettev\u00f5tte finantsasjadest.<\/p>\n<p align=\"center\" style=\"margin-top:40px; font-size:20px; color:#4682B4\"><strong>&#9658; <a href=\"http:\/\/www.kalashnikov.ee\/ee\/oigusburoo\/vastuvottu-broneerimine\">SAADA P\u00c4RING<\/a><\/strong><\/font><\/p>\n<p align=\"center\" style=\"margin-top:25px;\"><em>v\u00f5i v\u00f5tke meiega \u00fchendust e-posti <a href=\"mailto:klienditugi@kalashnikov.ee\">e-posti<\/a> kaudu<\/em><\/p>\n<p style=\"margin-top:40px;\">Me oleme kujundanud paljude t\u00f6\u00f6aastate jooksul kaasaegse, mugava ja klientide jaoks arusaadava raamatupidamiss\u00fcsteemi. Meie kollektiivis t\u00f6\u00f6tavad diplomeeritud raamatupidajad, kellel on aastatepikkune t\u00f6\u00f6kogemus. Meie meeskond suudab kiiresti lahendada ka k\u00f5ige keerulisemad \u00fclesanded raamatupidamise, maksustamise, ettev\u00f5tte juhtimise ja personalit\u00f6\u00f6 valdkonnas. Meie spetsialistid j\u00e4lgivad t\u00e4helepanelikult k\u00f5iki muudatusi Eesti seadusandluses ja on alati kursis viimaste arengutega raamatupidamismaailmas.<\/p>\n<h3 style=\"margin-top:40px;\"><strong>RAAMATUPIDAMISTOE HINNAD<\/strong><\/h3>\n<p style=\"margin-top:20px;\">Me v\u00f5tame enda kanda kogu teie ettev\u00f5tte raamatupidamisega seotud t\u00f6\u00f6 \u2013 alustades algdokumentide kogumisest ja kassaoperatsioonide arvestusest ning l\u00f5petades maksuhalduriga suhtlemise, samuti vajalike aruannete ettevalmistamise ja esitamisega.<\/p>\n<h3><strong>&#9658; Raamatupidamise p\u00f5hiteenused<\/h3>\n<p><\/strong> <\/p>\n\n<table id=\"tablepress-108\" class=\"tablepress tablepress-id-108\">\n<thead>\n<tr class=\"row-1\">\n\t<th class=\"column-1\">Teenuse nimetus<\/th><th class=\"column-2\">Hind<\/th>\n<\/tr>\n<\/thead>\n<tbody class=\"row-striping row-hover\">\n<tr class=\"row-2\">\n\t<td class=\"column-1\">Null aastaaruande ettevalmistamine ja esitamine (tegevust ei toimunud)<\/td><td class=\"column-2\">100 eurot<\/td>\n<\/tr>\n<tr class=\"row-3\">\n\t<td class=\"column-1\">Aastaaruande ettevalmistamine ja esitamine (tegevus toimus) <\/td><td class=\"column-2\">alates 100 eurost<\/td>\n<\/tr>\n<tr class=\"row-4\">\n\t<td class=\"column-1\">Raamatupidamis- v\u00f5i maksun\u00f5ustamine <\/td><td class=\"column-2\">50 eurot\/tund<\/td>\n<\/tr>\n<tr class=\"row-5\">\n\t<td class=\"column-1\">Kliendi huvide esindamine Maksu- ja Tolliametis <\/td><td class=\"column-2\">100 eurot\/tund<\/td>\n<\/tr>\n<tr class=\"row-6\">\n\t<td class=\"column-1\">KMKR numbri saamine<\/td><td class=\"column-2\">300 eurot<\/td>\n<\/tr>\n<tr class=\"row-7\">\n\t<td class=\"column-1\">EORI numbri saamine<\/td><td class=\"column-2\">100 eurot<\/td>\n<\/tr>\n<\/tbody>\n<\/table>\n<!-- #tablepress-108 from cache -->\n<h3 style=\"margin-top:40px;\"><strong>&#9658; Igakuine raamatupidamisteenus<\/h3>\n<p><\/strong> <\/p>\n<p>Raamatupidamisteenuste maksumus s\u00f5ltub otseselt aruandeperioodi jooksul tehtud raamatupidamiskannete arvust, samuti ettev\u00f5tte majandustegevuse ise\u00e4rasustest.<\/p>\n<p>Igakuise raamatupidamisteenuse maksumus sisaldab m\u00fc\u00fcgiarvete esitamise funktsiooniga pilvep\u00f5hise raamatupidamisprogrammi piiramatu kasutamise v\u00f5imalust ja ettev\u00f5tte finantsolukorrast \u00fclevaate saamist reaalajas, samuti \u00f5igust saada kuni 15 minuti jooksul n\u00f5ustamist \u00e4ri\u00f5iguse, raamatupidamise ja maksustamisega seotud k\u00fcsimustes. <\/p>\n<p>Igakuise raamatupidamisteenuse hind kujuneb j\u00e4rgmiselt:<\/p>\n\n<table id=\"tablepress-109\" class=\"tablepress tablepress-id-109\">\n<thead>\n<tr class=\"row-1\">\n\t<th class=\"column-1\">Kannete arv \u00fches kuus<\/th><th class=\"column-2\">Hind<\/th>\n<\/tr>\n<\/thead>\n<tbody class=\"row-striping row-hover\">\n<tr class=\"row-2\">\n\t<td class=\"column-1\">kuni 20 kannet<\/td><td class=\"column-2\">50 eurot<\/td>\n<\/tr>\n<tr class=\"row-3\">\n\t<td class=\"column-1\">20 - 50 kannet<\/td><td class=\"column-2\">100 eurot<\/td>\n<\/tr>\n<tr class=\"row-4\">\n\t<td class=\"column-1\">50 - 100 kannet<\/td><td class=\"column-2\">150 eurot<\/td>\n<\/tr>\n<tr class=\"row-5\">\n\t<td class=\"column-1\">100 -150 kannet<\/td><td class=\"column-2\">200 eurot<\/td>\n<\/tr>\n<tr class=\"row-6\">\n\t<td class=\"column-1\">150 ja rohkem kannet<\/td><td class=\"column-2\">Individuaalselt<\/td>\n<\/tr>\n<\/tbody>\n<\/table>\n<!-- #tablepress-109 from cache -->\n<h3 style=\"margin-top:40px;\"><strong>&#9658; Lisateenused<\/h3>\n<p><\/strong> <\/p>\n<p>Allpool on esitatud lisateenuste maksumus igakuise raamatupidamistoe raames:<\/p>\n\n<table id=\"tablepress-110\" class=\"tablepress tablepress-id-110\">\n<thead>\n<tr class=\"row-1\">\n\t<th class=\"column-1\">Lisateenus<\/th><th class=\"column-2\">Hind<\/th>\n<\/tr>\n<\/thead>\n<tbody class=\"row-striping row-hover\">\n<tr class=\"row-2\">\n\t<td class=\"column-1\">KMD deklaratsiooni ettevalmistamine ja esitamine (aruandlus k\u00e4ibemaksu kohta) <\/td><td class=\"column-2\">15 eurot<\/td>\n<\/tr>\n<tr class=\"row-3\">\n\t<td class=\"column-1\">VD deklaratsiooni ettevalmistamine ja esitamine (aruandlus k\u00e4ibe kohta EL-i sees) <\/td><td class=\"column-2\">15 eurot<\/td>\n<\/tr>\n<tr class=\"row-4\">\n\t<td class=\"column-1\">TSD deklaratsiooni ettevalmistamine ja esitamine (tulu- ja sotsiaalmaksu aruandlus)<\/td><td class=\"column-2\">15 eurot<\/td>\n<\/tr>\n<tr class=\"row-5\">\n\t<td class=\"column-1\">\u00dche t\u00f6\u00f6taja t\u00f6\u00f6tasu arvutamine<\/td><td class=\"column-2\">15 eurot<\/td>\n<\/tr>\n<tr class=\"row-6\">\n\t<td class=\"column-1\">\u00dche t\u00f6\u00f6taja l\u00e4hetus-, puhkusetasude v\u00f5i haigush\u00fcvitise arvutamine <\/td><td class=\"column-2\">15 eurot<\/td>\n<\/tr>\n<tr class=\"row-7\">\n\t<td class=\"column-1\">Aruande ettevalmistamine ja esitamine Statistikaametile <\/td><td class=\"column-2\">30 eurot<\/td>\n<\/tr>\n<tr class=\"row-8\">\n\t<td class=\"column-1\">Aruande ettevalmistamine ja esitamine Eesti Pangale<\/td><td class=\"column-2\">50 eurot<\/td>\n<\/tr>\n<\/tbody>\n<\/table>\n<!-- #tablepress-110 from cache -->\n<p style=\"margin-top:40px;\">Teenuste maksumus, mida osutatakse v\u00e4ljaspool igakuiste teenuste raames, v\u00f5ib erineda eespool esitatud hindadest. Muude raamatupidamisteenuste maksumus arvutatakse tunnim\u00e4\u00e4ra alusel v\u00f5i vastavalt eraldi s\u00f5lmitud kokkuleppele.<\/p>\n<h4 align=\"center\"; style=\"margin-top:60px;\"><strong>\u00dcKSIKASJALIKUMALT RAAMATUPIDAMISTEENUSTEST<\/strong><\/p>\n<h2 style=\"margin-top:40px;\"><strong>RAAMATUPIDAMINE EESTIS<\/strong><\/h2>\n<p>Ettev\u00f5te on kohustatud arvutama \u00f5igeaegselt majandustegevuse raames tekkiva maksukoormuse, samuti esitama vajalikud maksudeklaratsioonid ja maksma seadusandlusega ette n\u00e4htud makse. Raamatupidamise korraldamise eest vastutab ettev\u00f5tte juhtkond, kes v\u00f5ib teostada raamatupidamist iseseisvalt, kutsuda sellele ametikohale t\u00e4iskohaga raamatupidaja v\u00f5i kasutada allhankel p\u00f5hinevaid raamatupidamisteenuseid pakkuva ettev\u00f5tte professionaalseid teenuseid.<\/p>\n<p>Ettev\u00f5ttele osutatavad raamatupidamisteenused sisaldavad endas organisatsioonide rahavooge puudutava teabe t\u00f6\u00f6tlemist ja korraldamist vastavalt Eesti ja EL-i \u00f5igusaktidele. Kliendi soovil koostatakse juhtimis-, raamatupidamis- ja maksuregistrid. Aruanded maksuametile, \u00e4riregistrile, statistikaametile ning teistele kaasatud asutustele koostatakse \u00f5igeaegselt ja t\u00e4ies mahus.<\/p>\n<h2 style=\"margin-top:40px;\"><strong>IGA-AASTANE ARUANDLUSE EESTI FIRMADE JAOKS<\/strong><\/h2>\n<p>Aastaaruande (majandusaasta aruande) koostamine ja esitamine on kohustuslik n\u00f5ue k\u00f5igile Eestis registreeritud juriidilistele isikutele. Aastaaruanne peab vastama seadusega ette n\u00e4htud standarditele ning sisaldama sealhulgas raamatupidamise aastaaruannet ja tegevusaruannet.<\/p>\n<p>Ettev\u00f5te peab esitama \u00e4riregistrile majandusaasta aruande kuue kuu jooksul alates majandusaasta l\u00f5ppemise hetkest. Kui majandusaasta vastab kalendriaastale, siis on majandusaasta aruande esitamise t\u00e4htaeg 30. juuni.<\/p>\n<ul>\n<li>\n<h3><strong>Majandusaasta nullaruanne<\/strong><\/h3>\n<p>Raamatupidamise nullaruanne on \u00fcks finantsaruandluse liikidest, mis koostatakse perioodi kohta, mil ettev\u00f5ttel puudub t\u00e4ielikult \u00e4ritegevus. K\u00f5ik ettev\u00f5tted on kohustatud koostama ja esitama nullaruande, samuti esitama kontrollorganitele vastavad dokumendid seaduses s\u00e4testatud t\u00e4htajaks. Meie spetsialistid on valmis koostama mitte ainult nullaruande, vaid ka andma teie ettev\u00f5tte majandustegevuse tulemustele ekspresshinnangu, mis kinnitab teie ettev\u00f5ttele koostatud nullaruande \u00f5igusp\u00e4rasust.<\/li>\n<\/ul>\n<h2 style=\"margin-top:40px;\"><strong>MAKSUARUANDLUS EESTI ETTEV\u00d5TE JAOKS<\/strong><\/h2>\n<p>Maksuaruanne v\u00f5i maksudeklaratsioon on maksumaksja ametlik dokumentaalne avaldus tema poolt teatud ajaperioodi jooksul saadud maksustatava tulu ning sellele kehtivate maksusoodustuste ja maksulangetuste kohta. Maksudeklaratsioonid on \u00fcheks kontrollivormiks, millega m\u00e4\u00e4ratakse kindlaks tasumisele kuuluv maksusumma ja mille alusel kontrollib maksuinspektsiooni maksude tasumist.<\/p>\n<ul>\n<li>\n<h3><strong>K\u00e4ibemaksu aruanne (VAT)<\/strong><\/h3>\n<p>K\u00e4ibemaksukohustuslasena (VAT) registreeritud isikud on kohustatud deklareerima ja esitama Maksu- ja Tolliametile andmed oma k\u00e4ibe ja impordi kohta (sealhulgas maksuvaba k\u00e4ibe ja impordi v\u00f5i v\u00e4hendatud maksum\u00e4\u00e4raga maksustatud k\u00e4ibe ja impordi kohta), samuti pidama kinni riigi kasuks kinnipidamisele kuuluva k\u00e4ibemaksu (VAT).<\/p>\n<p>Kui k\u00e4ibemaksukohustuslane (VAT) osutas aruandeperioodi jooksul teenuseid v\u00f5i tarnis kaupu k\u00e4ibemaksu tasuvatele osapooltele teistes EL-i riikides, tekib kohustus esitada koos k\u00e4ibemaksuaruandega ka aruanne k\u00e4ibe kohta majandus\u00fchenduse piires (VD deklaratsioon).<\/p>\n<p>K\u00e4ibemaksuaruanne (VAT) ja majandus\u00fchenduse sisene k\u00e4ibearuanne esitatakse maksuametile hiljemalt j\u00e4rgmise kalendrikuu 20. kuup\u00e4evaks.<\/li>\n<li>\n<h3><strong>Aruanne tulu- ja sotsiaalmaksu kohta<\/strong><\/h3>\n<p>Iga ettev\u00f5te, kes arvutab t\u00f6\u00f6tajatele t\u00f6\u00f6tasu v\u00f5i teeb muid maksustatavaid makseid, on kohustatud deklareerima ja maksma riigile v\u00e4ljamaksetelt kinnipeetud tulumaksu ja sotsiaalmaksu, samuti kohustusliku kogumispensioni ja t\u00f6\u00f6tuskindlustusmaksed.<\/p>\n<p>Aruanne tulu-, sotsiaalmaksu ja muude kaasnevate v\u00e4ljamaksete kohta esitatakse maksuametile hiljemalt j\u00e4rgmise kalendrikuu 10. kuup\u00e4evaks.<\/li>\n<\/ul>\n<h2 style=\"margin-top:40px;\"><strong>T\u00c4IENDAVAD RAAMATUPIDAMISTEENUSED <\/strong><\/h2>\n<h3 style=\"margin-top:20px;\"><strong>N\u00f5ustamisteenused<\/strong><\/h3>\n<p>Professionaalne n\u00f5ustamine maksustamise ja raamatupidamise k\u00fcsimustes aitab lahendada terve rea olulisi \u00fclesandeid, mille hulgas on maksustamise optimeerimine maksumaksete minimeerimiseks, raamatupidamise korraldamine vastavalt kehtivate \u00f5igusaktide n\u00f5uetele, samuti kontrollorganitega tekkida v\u00f5ivate vaidluste prognoosimine ja nende reguleerimine.<\/p>\n<h3><strong>VAT numbri saamine Eestis<\/strong><\/h3>\n<p>Lisandv\u00e4\u00e4rtuse maks ehk siis k\u00e4ibemaks (Value Added Tax v\u00f5i l\u00fchendatult VAT) on maailma erinevates riikides laialdaselt rakendatud kaupade v\u00f5i teenuste maksustamise vorm. Enamikul juhtudel on Eestis k\u00e4ibemaksum\u00e4\u00e4r 20% kaupade v\u00f5i teenuste maksustatavast v\u00e4\u00e4rtusest.<\/p>\n<p>K\u00e4ibemaksukohustuslasena registreerimise kohustus tekib alates kuup\u00e4evast, mil ettev\u00f5tte maksustatav k\u00e4ive \u00fcletab kalendriaasta algusest 40 000 eurot. Kui maksustatav k\u00e4ive ei ole veel \u00fcletanud 40 000 euro piiri, on v\u00f5imalik registreerida vabatahtlikult k\u00e4ibemaksukohustuslasena. K\u00e4ibemaksukohustuslaseks registreerimiseks tuleb esitada Maksu- ja Tolliametile avaldus.<\/p>\n<p>K\u00e4ibemaksukohustuslasena registreerunud isik peab esitama Maksu- ja Tolliametile kinnituse, et ta tegeleb v\u00f5i kavatseb tegeleda \u00e4ritegevusega ning vajab selleks VAT numbrit. Alates k\u00e4ibemaksukohustuslasena registreerimise kuup\u00e4evast on ettev\u00f5tja kohustatud muuhulgas lisama kauba v\u00f5i teenuse maksustatavale v\u00e4\u00e4rtusele k\u00e4ibemaksu, samuti esitama Maksu- ja Tolliametile igakuised aruanded (KMD-deklaratsioon) ja kandma tasumisele kuuluva k\u00e4ibemaksu summa riigile.<\/p>\n<h3><strong>EORI numbri saamine Eestis<\/strong><\/h3>\n<p>EORI (Economic Operators Registration and Identification System) number on kohustuslik ettev\u00f5tjatele, kes tegelevad v\u00e4liskaubandusega kolmandate riikidega, impordi, ekspordi ja transiitvedude korral.<\/p>\n<p>EORI numbrit kasutatakse juriidiliste isikute tuvastamiseks, kui nad teostavad Euroopa Liidu tollipunktides tolliprotseduure ekspordi, impordi v\u00f5i transiidi deklareerimiseks. EORI numbrite v\u00e4ljastamisega tegeleb Maksu- ja Tolliamet.<\/p>\n<h3><strong>T\u00f6\u00f6tajate registreerimine<\/strong><\/h3>\n<p>T\u00f6\u00f6tamise register on t\u00f6\u00f6suhetega seotud riiklik teaberegister. Registris sisalduv teave on aluseks t\u00f6\u00f6ga seotud \u00f5iguslike asjaolude, samuti sotsiaalsete garantiide, sealhulgas ravikindlustuse, pensionide, t\u00f6\u00f6tuskindlustush\u00fcvitiste m\u00e4\u00e4ramisel. T\u00f6\u00f6andja peab registreerima t\u00f6\u00f6registris k\u00f5ik f\u00fc\u00fcsilised isikud, kelle t\u00f6\u00f6tamisega kaasneb maksukohustus Eesti territooriumil, s\u00f5ltumata lepingu \u00f5iguslikust vormist.<\/p>\n<p>Meie spetsialistid aitavad teil ettev\u00f5tte t\u00f6\u00f6tajate kohta \u00f5igeaegselt ja \u00f5igesti andmeid t\u00f6\u00f6tamise registrisse sisestada, samuti j\u00e4lgivad andmete asjakohasust ja muudavad vajadusel olemasolevaid andmeid.<\/p>\n<h3><strong>T\u00f6\u00f6tasu arvutamine ja arvestamine <\/strong><\/h3>\n<p>Palga maksmine ja tehtud t\u00f6\u00f6 eest makstav tasu on t\u00f6\u00f6taja ja t\u00f6\u00f6andja vaheliste suhete v\u00f5tmeelemendiks. V\u00e4ljamaksed t\u00f6\u00f6tajatele v\u00f5ivad olla nii fikseeritud, sellised nagu n\u00e4iteks t\u00f6\u00f6tasu v\u00f5i tunnipalga maksed, kui ka ujuvad, n\u00e4iteks t\u00fckitariifsed maksed v\u00f5i protsendimaksed m\u00fc\u00fcgilt. Lisaks p\u00f5him\u00e4\u00e4radele makstakse t\u00f6\u00f6tajatele ka puhkuse- ja l\u00e4hetustasu, erinevaid lisatasusid ja juurdemakseid, preemiaid ja tulemustasu, samuti v\u00e4ljamakseid teatud kvalifikatsiooni olemasolu v\u00f5i eriliste t\u00f6\u00f6tingimuste eest.<\/p>\n<p>Meie spetsialistid korraldavad teie ettev\u00f5tte t\u00f6\u00f6tajate t\u00f6\u00f6aja ja t\u00f6\u00f6tulemuste korrektse arvestuse. V\u00f5tame enda peale k\u00f5ik teie ettev\u00f5tte t\u00f6\u00f6tajatele palga ja muude v\u00e4ljamaksete arvutamisega seotud \u00fclesanded, samuti maksukoormuse \u00f5igeaegse arvutamise ja vastava aruande esitamise maksuametile.<\/p>\n<h3><strong>Raamatupidamise korraldamine<\/strong><\/h3>\n<p>\u00d5igesti korraldatud raamatupidamisel on ettev\u00f5tte tegevuses tohutu suur roll. See v\u00f5imaldab n\u00e4ha ettev\u00f5tte juhil ettev\u00f5tte tegelikku rahalist ja varalist olukorda ning teha otsuseid, mis aitavad parandada tema ressursside kasutamise t\u00f5husust. Meie ettev\u00f5tte spetsialistid koostavad teie ettev\u00f5tte struktuurist ja vajadustest l\u00e4htuvalt kvaliteetse raamatupidamise korraldamise mudeli vastavalt Eesti ja EL-i \u00f5igusaktidele.<\/p>\n<h3><strong>Raamatupidamise taastamine<\/strong><\/h3>\n<p>Raamatupidamine kujutab endast katkematut protsessi, mis tuleb taastada, kui see katkestatakse v\u00f5i seda ei teostata n\u00f5uetekohaselt. Raamatupidamise taastamine on meetmete kogum \u201ehooletusse j\u00e4etud\u201d raamatupidamise taastamiseks taasloodud v\u00f5i juba olemasolevate algdokumentide alusel, samuti raamatupidamise korrektseks vormistamiseks vastavalt Eesti ja EL-i kehtivate \u00f5igusaktide n\u00f5uetele.<\/p>\n<h3><strong>Tugi maksukontrollide l\u00e4biviimisel<\/strong><\/h3>\n<p>Meie spetsialistid pakuvad n\u00f5ustamisteenuseid ja juriidilist tuge Maksu- ja Tolliametiga seotud erinevate maksuvaidluste ja muude erimeelsuste lahendamisel. Esindame ja kaitseme kliendi huve nii Eesti Vabariigi maksuorganites kui ka kohtus haldusmenetluse raames.<\/p>\n<h3><strong>Audiitorteenused<\/strong><\/h3>\n<p>Audiitortegevuse peamine eesm\u00e4rk on teha kindlaks majandussubjektide raamatupidamisaruandluse usaldusv\u00e4\u00e4rsus ja nende tehingute vastavus Eesti Vabariigi ja EL-i territooriumil kehtivate normatiivaktidega. Antud tegevuse eesm\u00e4rgiks on v\u00e4hendada finantsaruannete kasutajate ettev\u00f5tlusriski. Kontrollimise k\u00e4igus tuleb tuvastada kliendi aruannetes esitatud andmete usaldusv\u00e4\u00e4rsus, aruannete koostamise \u00f5igsus ja neis esitatud andmete tegelikkusele vastavus.<\/p>\n<h2 style=\"margin-top:40px;\"><strong>V\u00d5TKE MEIEGA \u00dcHENDUST<\/strong><\/h2>\n<p>Kvaliteetselt korraldatud raamatupidamine ja professionaalne \u00f5igusabi on ettev\u00f5tte edukaks arenguks vajalikud tingimused. Kui varem kasutasid kogenud spetsialistide teenuseid ainult suurettev\u00f5tted, siis t\u00e4nap\u00e4eval on need taskukohased isegi v\u00e4ikefirmadele.<\/p>\n<p>N\u00f5uannete saamiseks raamatupidamis- ja maksuk\u00fcsimustes, samuti individuaalse hinnapakkumise saamiseks, palume v\u00f5tta \u00fchendust meie spetsialistidega telefoni teel <strong><a href=\"tel:+3726775544\">+372 6775544<\/a><\/strong> v\u00f5i kasutada j\u00e4rgmisi elektroonilisi sidekanaleid:<\/p>\n<ul>\n<li><strong>E-mail: <a href=\"mailto:klienditugi@kalashnikov.ee\">klienditugi@kalashnikov.ee<\/a><\/li>\n<li>Skype: <a href=\"skype:kalashnikov.ee\">kalashnikov.ee<\/a><\/li>\n<li><a href=\"viber:\/\/chat?number=%2B37282088888\">Viber<\/a>|<a href=\"https:\/\/wa.me\/37282088888\">WhatsApp<\/a>|<a href=\"https:\/\/telegram.me\/kalashnikov_law_office\">Telegram<\/a>: +372 82088888<\/strong><\/li>\n<\/ul>\n<p style=\"margin-top:20px;\">Me vastame meeleldi Teie k\u00fcsimustele ja pakume Teie ettev\u00f5ttele kvaliteetset raamatupidamistuge Eesti ja Euroopa Liidu territooriumil.<\/p>\n<p><\/p>\n<p><\/p>","protected":false},"excerpt":{"rendered":"<p>K\u00f5ik Eestis registreeritud juriidilised isikud on kohustatud korraldama raamatupidamisarvestust. Antud n\u00f5ude peamiseks eesm\u00e4rgiks on saada riigiorganite jaoks teavet ettev\u00f5tte finantsolukorra,&#8230;<\/p>\n","protected":false},"author":3,"featured_media":0,"parent":59,"menu_order":0,"comment_status":"open","ping_status":"open","template":"page-companies.php","meta":{"_acf_changed":false,"footnotes":""},"class_list":["post-728","page","type-page","status-publish","hentry"],"acf":[],"_links":{"self":[{"href":"https:\/\/www.kalashnikov.ee\/ee\/wp-json\/wp\/v2\/pages\/728","targetHints":{"allow":["GET"]}}],"collection":[{"href":"https:\/\/www.kalashnikov.ee\/ee\/wp-json\/wp\/v2\/pages"}],"about":[{"href":"https:\/\/www.kalashnikov.ee\/ee\/wp-json\/wp\/v2\/types\/page"}],"author":[{"embeddable":true,"href":"https:\/\/www.kalashnikov.ee\/ee\/wp-json\/wp\/v2\/users\/3"}],"replies":[{"embeddable":true,"href":"https:\/\/www.kalashnikov.ee\/ee\/wp-json\/wp\/v2\/comments?post=728"}],"version-history":[{"count":266,"href":"https:\/\/www.kalashnikov.ee\/ee\/wp-json\/wp\/v2\/pages\/728\/revisions"}],"predecessor-version":[{"id":5657,"href":"https:\/\/www.kalashnikov.ee\/ee\/wp-json\/wp\/v2\/pages\/728\/revisions\/5657"}],"up":[{"embeddable":true,"href":"https:\/\/www.kalashnikov.ee\/ee\/wp-json\/wp\/v2\/pages\/59"}],"wp:attachment":[{"href":"https:\/\/www.kalashnikov.ee\/ee\/wp-json\/wp\/v2\/media?parent=728"}],"curies":[{"name":"wp","href":"https:\/\/api.w.org\/{rel}","templated":true}]}}