{"id":67,"date":"2014-12-09T14:27:43","date_gmt":"2014-12-09T10:27:43","guid":{"rendered":"http:\/\/www.websolution.ee\/kalashnikov2\/?page_id=67"},"modified":"2022-08-31T14:59:04","modified_gmt":"2022-08-31T11:59:04","slug":"for-foreigners","status":"publish","type":"page","link":"https:\/\/www.kalashnikov.ee\/ee\/valmisfirmade-myyk\/eesti-firmad-mitteresidentidele","title":{"rendered":"Eesti firmad mitteresidentidele"},"content":{"rendered":"<p><\/p>\n<p>Meie \u00f5igusb\u00fcroo spetsialiseerub \u00e4ri\u00fchingute loomisele Eestis ja Eesti valmisfirmade m\u00fc\u00fcgile. Pakume mitteresidentidele, kes on huvitatud \u00e4ritegevuse alustamisest Eesti territooriumil, uute ettev\u00f5tete asutamise ja riiulifirma ostmise teenust.<\/p>\n<p>Meie teenuste hulka kuuluvad ka juriidilise aadressi ja kontaktisiku teenused, raamatupidamisteenus, \u00e4ri- ja maksualane n\u00f5ustamine, panga- ja arvelduskontode avamine ja \u00f5igusalane tugi ettev\u00f5tjatele, kes soovivad asutada Eestis ettev\u00f5tte v\u00f5i juba on alustanud oma \u00e4ritegevust siin. <\/p>\n<h4><strong>OLEME P\u00dcHENDUNUD EESTI \u00c4RI\u00dcHINGUTELE<\/strong><\/h4>\n<ul>\n<li><strong>FIRMA ASUTAMINE INTERNETI TEEL E-RESIDENDI KAARDI ALUSEL (E-RESIDENCY) \u2014 640 \u20ac<\/strong><\/li>\n<li><strong>\u00c4RI\u00dcHINGU REGISTREERIMINE ISIKLIKU KOHALVIIBIMISE KORRAL \u2014 775 \u20ac<\/strong><\/li>\n<li><strong>ETTEV\u00d5TTE LOOMINE KAUGTEEL VOLIKIRJA ALUSEL \u2014 900 \u20ac<\/strong><\/li>\n<p style=\"margin-top:30px;\">* esitatud hinnad sisaldavad v\u00f5imalikke riigil\u00f5ive ja notaritasusid, samuti juriidilise aadressi ja kontaktisiku teenust \u00fcheks aastaks <\/p>\n<\/ul>\n<p align=\"center\" style=\"margin-top:10px; font-size:20px; color:#4682B4\"><strong>&#9658; <a href=\"http:\/\/www.kalashnikov.ee\/ee\/oigusburoo\/vastuvottu-broneerimine\">SAADA P\u00c4RING<\/a><\/strong><\/font><\/p>\n<p align=\"center\" style=\"margin-top:25px;\"><em>v\u00f5i v\u00f5tke meiega \u00fchendust <a href=\"mailto:klienditugi@kalashnikov.ee\">e-posti<\/a> kaudu<\/em><\/p>\n<p>Omame vastavasisulist tegevusluba ettev\u00f5tete asutamiseks ja m\u00fc\u00fcgiks ning juriidilise aadressi ja kontaktisiku teenuste osutamiseks. Riikliku \u00e4ri\u00fchingute teenuste pakkuja tegevusloa on v\u00e4ljastanud Rahapesu Andmeb\u00fcroo, tegevusloa number on <a href=\"https:\/\/mtr.mkm.ee\/taotluse_tulemus\/440773?backurl=%40juriidiline_isik_show%3Fid%3D130378\">FIU000144<\/a>.<\/p>\n<h2 style=\"margin-top:40px;\"><strong>EESTI \u00d5IGUSRUUMI EELISED<\/strong><\/h2>\n<p>Eestis ettev\u00f5tte loomine m\u00f5jub soodsalt teie \u00e4ritegevuse optimeerimisele. Lisaks v\u00f5imalusele v\u00e4lismaalastel suhelda riigiasutuste, pankade ja muude struktuuridega ning saada \u00e4riteenuseid vene v\u00f5i inglise keeles, on Eestis ettev\u00f5tte asutamisel v\u00f5i ostmisel j\u00e4rgmised eelised:<\/p>\n<ul>\n<li><strong>JAOTAMATA KASUMI MAKSUM\u00c4\u00c4R ON 0%<\/strong><\/li>\n<li>L\u00e4bipaistev, lihtne ja arusaadav maksus\u00fcsteem<\/li>\n<li>T\u00e4ielik integreerumine EL-i \u00f5iguss\u00fcsteemi ja vaba tollitsooni<\/li>\n<li>V\u00f5imalus tegeleda asjaajamisega distantsilt e-residendi digi-ID abil (<a href=\"https:\/\/e-resident.gov.ee\/\">e-Residency<\/a>)<\/li>\n<li>Madalad halduskulud, konkreetne ja lihtne \u00c4riseadustik ning selged raamatupidamisreeglid<\/li>\n<\/ul>\n<h2 style=\"margin-top:40px;\"><strong>MILLIST JURIIDILIST VORMI VALIDA?<\/strong><\/h2>\n<p>Meie b\u00fcroo soovitab valida ettev\u00f5tte asutamiseks v\u00f5i valmisettev\u00f5tte ostmiseks osa\u00fchingut (O\u00dc, ingl. Limited Liability Company, LLC), mis on enamlevinud ja mugavaim omandivorm Eesti ettev\u00f5tete seas ja sobib mis tahes \u00e4ritegevuse liigile. <\/p>\n<p>Peamised eelised osa\u00fchingu kui ettev\u00f5tte Eestis registreerimise viisi valimisel:<\/p>\n<ul>\n<li>Osakapitali miinimumsumma on 2500 eurot*<\/li>\n<li>Osa\u00fchingu osanike vastutus on piiratud nende sissemaksete summaga ettev\u00f5tte osakapitali<\/li>\n<li>V\u00e4hemalt \u00fcks osanik ja v\u00e4hemalt \u00fcks juhatuse liige<\/li>\n<li>Juhatuse liikmeks ja osanikuks v\u00f5ib samaaegselt olla sama isik, mis tahes riigi resident<\/li>\n<\/ul>\n<p><em>* Osakapitali saab tasuda rahalise sissemaksena firma arvelduskontole, teostada mitterahalist sissemakst v\u00f5i edasi l\u00fckata sissemakse tegemist m\u00e4\u00e4ramata ajaks<\/em><\/p>\n<p>Vajadusel meie spetsialistid n\u00f5ustavad teid ka muu \u00f5igusvormiga juriidiliste isikute asutamisel nagu aktsiaselts (Public Limited Company, PLC), usaldus\u00fching (Limited Partnership, LP) v\u00f5i mittetulundus\u00fching (Nonprofit organization).<\/p>\n<h2 style=\"margin-top:40px;\"><strong>ETTEV\u00d5TTE REGISTREERIMINE<\/strong><\/h2>\n<p>Ettev\u00f5tte asutamine Eestis on lihtne. \u00c4ri\u00fchingu kandmiseks \u00c4riregistrisse tuleb teha minimaalselt pingutusi ja see v\u00f5tab 1\u20135 p\u00e4eva. Firma asutamiseks on v\u00f5imalik kasutada allj\u00e4rgnevaid viise:<\/p>\n<ul>\n<li>\n<h3><strong>Registreerida ettev\u00f5te isikliku kohalolekuga<\/strong><\/h3>\n<p>Firma registreerimine toimub isiklikult notari juures. Meie juristid viivad Teiega l\u00e4bi esialgse konsultatsiooni ning hakkavad Teid saatma kogu protseduri v\u00e4ltel.<\/li>\n<li>\n<h3><strong>\u00c4ri\u00fchingu asutamine kaugteel<\/strong><\/h3>\n<p>Protseduuri l\u00e4biviimiseks ilma isikliku kohalolekuta on tarvis v\u00e4ljastada vastavasisuline notariaalne volikiri meie b\u00fcroo juristide nimele ning meie spetsialistid viivad l\u00e4bi firma asutamise menetluse teie nimel.<\/li>\n<li>\n<h3><strong>Firma loomine internetis e-Residendi (e-Residency) digi-ID abil<\/strong><\/h3>\n<p>Veebip\u00f5hine menetlus toimub ettev\u00f5tjaportaali kaudu ja on v\u00f5imalik, kui k\u00f5igil osalejatel (asutajad ja jauhtuse liikmed) on olemas e-residentus.<\/li>\n<\/ul>\n<p>Meie spetsialistid viivad teiega l\u00e4bi eelneva konsultatsiooni, valmistavad ette k\u00f5ik firma asutamiseks vajalikud dokumendid, aitavad valida ettev\u00f5tte nime ja kontrollida selle sobivust ning m\u00e4\u00e4rata ettev\u00f5tte tegevusala EMTAK koodi, valmistavad ette ettev\u00f5tte p\u00f5hikirja ja n\u00f5ustavad ettev\u00f5tte osakapitali sissemaksmisel (edasi l\u00fckatud, rahaline v\u00f5i mitterahaline sissemakse).<\/p>\n<h2 style=\"margin-top:40px;\"><strong>VALMISFIRMA OSTMINE<\/strong><\/h2>\n<p>K\u00f5ik pakutavad riiulifirmad on loodud spetsiaalselt m\u00fc\u00fcmiseks, neil on sissemakstud osakapital ja neil ei ole olnud majandustegevust. <\/p>\n<p>Valmisettev\u00f5tte ostu-m\u00fc\u00fcgi protsess toimub notari vahendusel, st valmisettev\u00f5tte saab osta nii isiklikult kohal olles notarib\u00fcroos, aga ka kaugteel, vormistades meie b\u00fcroo juristide nimele vastavasisulise volikirja. Juriidilise isiku \u00fcmbervormistamise k\u00e4igus muudetakse osanike ja juhatuse liikmete koosseisu. Lisaks saab t\u00e4iendava tasuta muuta ettev\u00f5tte nimetust, kontaktandmeid ja p\u00f5hikirja.<\/p>\n<h2 style=\"margin-top:40px;\"><strong>KORPORATIIVTEENUSTE HINNAD<\/strong><\/h2>\n<p>J\u00e4rgnevalt on toodud ettev\u00f5tete asutamise ja valmisettev\u00f5tete m\u00fc\u00fcmise teenuse hinnad s\u00f5ltuvalt dokumentide \u00c4riregistrisse esitamise viisist.<\/p>\n<h3><strong>Firma registreerimine v\u00f5i valmisfirma ost notarib\u00fcroos (isiklikult kohal olles v\u00f5i kaugteel volikirja alusel)<\/strong><\/h3>\n\n<table id=\"tablepress-97\" class=\"tablepress tablepress-id-97\">\n<thead>\n<tr class=\"row-1\">\n\t<td class=\"column-1\"><\/td><th class=\"column-2\">Pakett 1<\/th><th class=\"column-3\">Pakett 2<\/th><th class=\"column-4\">Pakett 3<\/th>\n<\/tr>\n<\/thead>\n<tbody class=\"row-striping row-hover\">\n<tr class=\"row-2\">\n\t<td class=\"column-1\">Uue \u00e4ri\u00fchingu asutamine v\u00f5i valmisfirma m\u00fc\u00fck<\/td><td class=\"column-2\"><center><strong>\u2713<\/center><\/strong><\/td><td class=\"column-3\"><center><strong>\u2713<\/center><\/strong><\/td><td class=\"column-4\"><span style=\"color: #29b802;\"><center><strong>\u2713<\/center><\/strong><\/span><\/td>\n<\/tr>\n<tr class=\"row-3\">\n\t<td class=\"column-1\">\u00c4ri\u00fchingu dokumentide ettevalmistamine, notaritehingu korraldamine ja n\u00f5ustamine<\/td><td class=\"column-2\"><center><strong>\u2713<\/center><\/strong><\/td><td class=\"column-3\"><center><strong>\u2713<\/center><\/strong><\/td><td class=\"column-4\"><span style=\"color: #29b802;\"><center><strong>\u2713<\/center><\/strong><\/span><\/td>\n<\/tr>\n<tr class=\"row-4\">\n\t<td class=\"column-1\">Osakapitali sissemakse registreerimine<\/td><td class=\"column-2\"><center><strong>\u2713<\/center><\/strong><\/td><td class=\"column-3\"><center><strong>\u2713<\/center><\/strong><\/td><td class=\"column-4\"><span style=\"color: #29b802;\"><center><strong>\u2713<\/center><\/strong><\/span><\/td>\n<\/tr>\n<tr class=\"row-5\">\n\t<td class=\"column-1\">Notaritasude, riigil\u00f5ivude ja muude menetluskulude tasumine<\/td><td class=\"column-2\"><center><strong>\u2713<\/center><\/strong><\/td><td class=\"column-3\"><center><strong>\u2713<\/center><\/strong><\/td><td class=\"column-4\"><span style=\"color: #29b802;\"><center><strong>\u2713<\/center><\/strong><\/span><\/td>\n<\/tr>\n<tr class=\"row-6\">\n\t<td class=\"column-1\">Juriidilise aadressi teenus<\/td><td class=\"column-2\"><center><strong>-<\/center><\/strong><\/td><td class=\"column-3\"><center><strong>\u2713<\/center><\/strong><\/td><td class=\"column-4\"><span style=\"color: #29b802;\"><center><strong>\u2713<\/center><\/strong><\/span><\/td>\n<\/tr>\n<tr class=\"row-7\">\n\t<td class=\"column-1\">Kontaktisiku teenus<\/td><td class=\"column-2\"><center><strong>-<\/center><\/strong><\/td><td class=\"column-3\"><center><strong>\u2713<\/center><\/strong><\/td><td class=\"column-4\"><span style=\"color: #29b802;\"><center><strong>\u2713<\/center><\/strong><\/span><\/td>\n<\/tr>\n<tr class=\"row-8\">\n\t<td class=\"column-1\">Tehingu tegemine isikliku kohalolekuta (notariaalse volikirja alusel)<\/td><td class=\"column-2\"><center><strong>-<\/center><\/strong><\/td><td class=\"column-3\"><center><strong>-<\/center><\/strong><\/td><td class=\"column-4\"><span style=\"color: #29b802;\"><center><strong>\u2713<\/center><\/strong><\/span><\/td>\n<\/tr>\n<\/tbody>\n<tfoot>\n<tr class=\"row-9\">\n\t<th class=\"column-1\">Paketti hind<\/th><th class=\"column-2\"><center><strong><span style=\"color: #29b802;\">450 \u20ac<\/span><\/th><th class=\"column-3\"><center><strong><span style=\"color: #29b802;\">775 \u20ac<\/span><\/th><th class=\"column-4\"><center><strong><span style=\"color: #29b802;\">900 \u20ac<\/span><\/th>\n<\/tr>\n<\/tfoot>\n<\/table>\n<!-- #tablepress-97 from cache -->\n<h3 style=\"margin-top:40px;\"><strong>Ettev\u00f5tte asutamine e-residendi digi-ID abil (e-Residency)<\/strong><\/h3>\n\n<table id=\"tablepress-98\" class=\"tablepress tablepress-id-98\">\n<thead>\n<tr class=\"row-1\">\n\t<td class=\"column-1\"><\/td><th class=\"column-2\">Pakett 1<\/th><th class=\"column-3\">Pakett 2<\/th><th class=\"column-4\">Pakett 3<\/th>\n<\/tr>\n<\/thead>\n<tbody class=\"row-striping row-hover\">\n<tr class=\"row-2\">\n\t<td class=\"column-1\">\u00c4ri\u00fchingu registreerimiseks dokumentide ja digitaalse taotluse ettevalmistamine<\/td><td class=\"column-2\"><center><strong>\u2713<\/center><\/strong><\/td><td class=\"column-3\"><center><strong>\u2713<\/center><\/strong><\/td><td class=\"column-4\"><span style=\"color: #29b802;\"><center><strong>\u2713<\/center><\/strong><\/span><\/td>\n<\/tr>\n<tr class=\"row-3\">\n\t<td class=\"column-1\">Riigil\u00f5ivu tasumine<\/td><td class=\"column-2\"><center><strong>-<\/center><\/strong><\/td><td class=\"column-3\"><center><strong>\u2713<\/center><\/strong><\/td><td class=\"column-4\"><span style=\"color: #29b802;\"><center><strong>\u2713<\/center><\/strong><\/span><\/td>\n<\/tr>\n<tr class=\"row-4\">\n\t<td class=\"column-1\">Juriidilise aadressi teenus<\/td><td class=\"column-2\"><center><strong>-<\/center><\/strong><\/td><td class=\"column-3\"><center><strong>-<\/center><\/strong><\/td><td class=\"column-4\"><span style=\"color: #29b802;\"><center><strong>\u2713<\/center><\/strong><\/span><\/td>\n<\/tr>\n<tr class=\"row-5\">\n\t<td class=\"column-1\">Kontaktisiku teenus<\/td><td class=\"column-2\"><center><strong>-<\/center><\/strong><\/td><td class=\"column-3\"><center><strong>-<\/center><\/strong><\/td><td class=\"column-4\"><span style=\"color: #29b802;\"><center><strong>\u2713<\/center><\/strong><\/span><\/td>\n<\/tr>\n<\/tbody>\n<tfoot>\n<tr class=\"row-6\">\n\t<th class=\"column-1\">Paketti hind<\/th><th class=\"column-2\"><center><strong><span style=\"color: #29b802;\">100 \u20ac<\/span><\/th><th class=\"column-3\"><center><strong><span style=\"color: #29b802;\">290 \u20ac<\/span><\/th><th class=\"column-4\"><center><strong><span style=\"color: #29b802;\">640 \u20ac<\/span><\/th>\n<\/tr>\n<\/tfoot>\n<\/table>\n<!-- #tablepress-98 from cache -->\n<p><em>* Iga paketi hind sisaldab 1 tundi n\u00f5ustamist \u00e4ri\u00f5iguse, ettev\u00f5tte juhtimise aluste, t\u00f6\u00f6tajate v\u00e4rbamise ja raamatupidamise korraldamise k\u00fcsimustes<\/em><\/p>\n<h2 style=\"margin-top:40px;\"><strong>LISATEENUSED<\/strong><\/h2>\n<h3 style=\"margin-top:20px;\"><strong>Juriidiline aadress ja kontaktisik<\/strong><\/h3>\n<p>K\u00f5ikidel Eesti Vabariigi \u00f5igusruumis asutavatel v\u00f5i registreeritavatel ettev\u00f5tetel peab olema Eestis juriidiline aadress. Nende ettev\u00f5tete puhul, kelle juhatuses pole \u00fchtegi Eesti residenti, on kohustuslikuks tingimuseks kontaktisiku olemasolu. Kontaktsikule on v\u00f5imalik k\u00e4tte toimetada ettev\u00f5tte juhatusele m\u00f5eldud menetlusdokumente ja kolmandate isikute tahteavaldusi, kui juhatusele teadete edastamine ei ole v\u00f5imalik v\u00f5i on raskendatud.<\/p>\n<h3><strong>Raamatupidamine<\/strong><\/h3>\n<p>Eestis registreeritud juriidilised isikud peavad korraldama raamatupidamist, sh iga aasta esitama aruande (majandusaasta aruande) \u00c4riregistrile. K\u00e4ibemaksukohuslased esitavad iga kuu Maksu- ja Tolliametile k\u00e4ibedeklaratsiooni (KMD) ja maksudeklaratsiooni (TSD). Raamatupidamisteenuste ning maksu- ja korporatiivn\u00f5ustamise hind lepitakse eraldi kokku.<\/p>\n<h3><strong>Arvelduskonto avamine<\/strong><\/h3>\n<p>Eesti \u00f5igusruum ei sea kohalikele ettev\u00f5tetele mingeid piiranguid arvelduskonto ja makseteenuste osutaja valikul. Meie b\u00fcroo pakub Eesti ettev\u00f5tetele t\u00e4ielikku tuge ja n\u00f5ustamist arvelduskonto avamisel kohalikes ja Euroopa pankades ning makses\u00fcsteemides. Meie spetsialistid aitavad teil valida k\u00f5ige t\u00f5husama ja kindlama lahenduse maksete vastuv\u00f5tmiseks ja edastamiseks, arvestades teie ettev\u00f5tte tegevusala ja \u00e4ritegevuse erip\u00e4rasid.<\/p>\n<h3><strong>Juriidiline tugi ja n\u00f5ustamine<\/strong><\/h3>\n<p>Meie b\u00fcroo on spetsialiseerunud erinevat liiki litsentside ja tegevuslubade, sh finantstegevuse ja kr\u00fcptorahaga seotud litsentside taotlemisele. Meie juristid pakuvad n\u00f5ustamist erinevate tegevusalade litsentside saamiseks Eestis ja EL-is ning vajadusel aitavad saada vajalikke tegevuslubasid.<\/p>\n<h3><strong>Litsentsid ja tegevusload<\/strong><\/h3>\n<p>Meie b\u00fcroo on spetsialiseerunud erinevat liiki litsentside ja tegevuslubade, sh finantstegevuse ja kr\u00fcptorahaga seotud litsentside taotlemisele. Meie juristid pakuvad n\u00f5ustamist erinevate tegevusalade litsentside saamiseks Eestis ja EL-is ning vajadusel aitavad saada vajalikke tegevuslubasid.<\/p>\n<h2 style=\"margin-top:40px;\"><strong>V\u00d5TKE MEIEGA \u00dcHENDUST<\/strong><\/h2>\n<p>Individuaalkonsultatsiooni saamiseks seoses ettev\u00f5tte asutamisega palume \u00fchendust v\u00f5tta meie spetsialistidega telefonil +372 677 5544 v\u00f5i j\u00e4rgmiste elektrooniliste sidevahendite abil:<\/p>\n<ul>\n<li><strong>E-mail: <a href=\"mailto:klienditugi@kalashnikov.ee\">klienditugi@kalashnikov.ee<\/a><\/li>\n<li><a href=\"viber:\/\/chat?number=%2B37282088888\">Viber<\/a>|<a href=\"https:\/\/wa.me\/37282088888\">WhatsApp<\/a>|<a href=\"https:\/\/telegram.me\/kalashnikov_law_office\">Telegram<\/a>: +372 82088888<\/strong><\/li>\n<\/ul>\n<p style=\"margin-top:20px;\">Hea meelega vastame teie k\u00fcsimustele ja pakume juriidilist tuge Eesti territooriumil ettev\u00f5tte asutamisel.<\/p>\n<p><\/p>\n<p><\/p>","protected":false},"excerpt":{"rendered":"<p>Meie \u00f5igusb\u00fcroo spetsialiseerub \u00e4ri\u00fchingute loomisele Eestis ja Eesti valmisfirmade m\u00fc\u00fcgile. Pakume mitteresidentidele, kes on huvitatud \u00e4ritegevuse alustamisest Eesti territooriumil, uute&#8230;<\/p>\n","protected":false},"author":1,"featured_media":0,"parent":59,"menu_order":0,"comment_status":"open","ping_status":"closed","template":"page-companies.php","meta":{"_acf_changed":false,"footnotes":""},"class_list":["post-67","page","type-page","status-publish","hentry"],"acf":[],"_links":{"self":[{"href":"https:\/\/www.kalashnikov.ee\/ee\/wp-json\/wp\/v2\/pages\/67","targetHints":{"allow":["GET"]}}],"collection":[{"href":"https:\/\/www.kalashnikov.ee\/ee\/wp-json\/wp\/v2\/pages"}],"about":[{"href":"https:\/\/www.kalashnikov.ee\/ee\/wp-json\/wp\/v2\/types\/page"}],"author":[{"embeddable":true,"href":"https:\/\/www.kalashnikov.ee\/ee\/wp-json\/wp\/v2\/users\/1"}],"replies":[{"embeddable":true,"href":"https:\/\/www.kalashnikov.ee\/ee\/wp-json\/wp\/v2\/comments?post=67"}],"version-history":[{"count":753,"href":"https:\/\/www.kalashnikov.ee\/ee\/wp-json\/wp\/v2\/pages\/67\/revisions"}],"predecessor-version":[{"id":5709,"href":"https:\/\/www.kalashnikov.ee\/ee\/wp-json\/wp\/v2\/pages\/67\/revisions\/5709"}],"up":[{"embeddable":true,"href":"https:\/\/www.kalashnikov.ee\/ee\/wp-json\/wp\/v2\/pages\/59"}],"wp:attachment":[{"href":"https:\/\/www.kalashnikov.ee\/ee\/wp-json\/wp\/v2\/media?parent=67"}],"curies":[{"name":"wp","href":"https:\/\/api.w.org\/{rel}","templated":true}]}}