{"id":63,"date":"2014-12-09T14:26:34","date_gmt":"2014-12-09T10:26:34","guid":{"rendered":"http:\/\/www.websolution.ee\/kalashnikov2\/?page_id=63"},"modified":"2021-05-02T15:36:19","modified_gmt":"2021-05-02T12:36:19","slug":"virtual-office-other-services","status":"publish","type":"page","link":"https:\/\/www.kalashnikov.ee\/ee\/valmisfirmade-myyk\/virtuaalkontor","title":{"rendered":"Virtuaalkontor ja muud lisateenused"},"content":{"rendered":"<p><\/p>\n<p>Kalashnikov \u00d5igusb\u00fcroo pakub oma uutele ja vanadele klientidele virtuaalkontori teenusi.<\/p>\n<p><strong>Juriidilise- ja \u00e4riaadressi teenuse baaspaketti hind 200 eur \/ aasta<\/strong><\/p>\n<p>Teil ei ole oma kontorit v\u00f5i mingil p\u00f5hjusel ei ole tahtmist v\u00f5i vajadust rentida kallit ja kulukat \u00e4ripinda? Aga k\u00fcll soovite et Teie ettev\u00f5te \/ firma oleks registreeritud reaalses \u00e4rihoones pealinnas? Siis julgelt p\u00f6\u00f6rduge meie juurde!<\/p>\n<p><strong>Virtuaalkontor on ideaalne lahendus just nendele ettev\u00f5tetele, millel f\u00fc\u00fcsiline kohalolek pole t\u00e4htis<\/strong><\/p>\n<p>Mis teenus see on? Teie registreerite oma ettev\u00f5te \/ firma meie juures ja teie uueks juriidiliseks v\u00f5i \u00e4riaadressiks saab &#8211; Peterburi tee 47, 11415 Tallinn, Eesti.<\/p>\n<p>Kogu post ja muu korrespondets, mis laekub teie nimele me saadame \/ edastame e-postiga v\u00f5i mingi muu kokkuleppitud posti aadressi peale.<\/p>\n\n<table id=\"tablepress-32\" class=\"tablepress tablepress-id-32\">\n<thead>\n<tr class=\"row-1\">\n\t<th class=\"column-1\">Teenus<\/th><th class=\"column-2\">Aastamakse<\/th>\n<\/tr>\n<\/thead>\n<tbody class=\"row-striping row-hover\">\n<tr class=\"row-2\">\n\t<td class=\"column-1\"><strong>Juriidilise- ja \u00e4riaadressi teenused, saabuva posti t\u00f6\u00f6tlemine ja  edastamine kliendile<\/strong><\/td><td class=\"column-2\"><strong>200 eur<\/strong><\/td>\n<\/tr>\n<tr class=\"row-3\">\n\t<td class=\"column-1\">Mobiiltelefoni number koos k\u00f5nede suunamise v\u00f5imalusega<\/td><td class=\"column-2\">100 eur<\/td>\n<\/tr>\n<tr class=\"row-4\">\n\t<td class=\"column-1\">Faksinumber koos v\u00f5imalusega edastada saabuvad faksid e-postile<\/td><td class=\"column-2\">200 eur<\/td>\n<\/tr>\n<tr class=\"row-5\">\n\t<td class=\"column-1\">Kontaktisiku teenuse osutamine<\/td><td class=\"column-2\">200 eur<\/td>\n<\/tr>\n<tr class=\"row-6\">\n\t<td class=\"column-1\">Sekret\u00e4riteenused<\/td><td class=\"column-2\">kokkuleppel<\/td>\n<\/tr>\n<\/tbody>\n<\/table>\n<!-- #tablepress-32 from cache -->\n<p><strong>Kalashnikov \u00d5igusb\u00fcroo<\/strong> alati pakub oma klientidele kvaliteetset ja asjakohast virtuaalkontori ja juriidilise aadressi teenust.<\/p>\n<p><strong>Huvi v\u00f5i k\u00fcsimuste tekkimise korral julgelt v\u00f5tke meiega \u00fchendust telefonil 677 55 44 v\u00f5i kirjutage s\u00f5num e-posti aadressile klienditugi@kalashnikov.ee<\/strong><\/p>\n<p><\/p>","protected":false},"excerpt":{"rendered":"<p>Kalashnikov \u00d5igusb\u00fcroo pakub oma uutele ja vanadele klientidele virtuaalkontori teenusi. Juriidilise- ja \u00e4riaadressi teenuse baaspaketti hind 200 eur \/ aasta&#8230;<\/p>\n","protected":false},"author":1,"featured_media":0,"parent":59,"menu_order":0,"comment_status":"open","ping_status":"closed","template":"page-companies.php","meta":{"_acf_changed":false,"footnotes":""},"class_list":["post-63","page","type-page","status-publish","hentry"],"acf":[],"_links":{"self":[{"href":"https:\/\/www.kalashnikov.ee\/ee\/wp-json\/wp\/v2\/pages\/63","targetHints":{"allow":["GET"]}}],"collection":[{"href":"https:\/\/www.kalashnikov.ee\/ee\/wp-json\/wp\/v2\/pages"}],"about":[{"href":"https:\/\/www.kalashnikov.ee\/ee\/wp-json\/wp\/v2\/types\/page"}],"author":[{"embeddable":true,"href":"https:\/\/www.kalashnikov.ee\/ee\/wp-json\/wp\/v2\/users\/1"}],"replies":[{"embeddable":true,"href":"https:\/\/www.kalashnikov.ee\/ee\/wp-json\/wp\/v2\/comments?post=63"}],"version-history":[{"count":61,"href":"https:\/\/www.kalashnikov.ee\/ee\/wp-json\/wp\/v2\/pages\/63\/revisions"}],"predecessor-version":[{"id":5346,"href":"https:\/\/www.kalashnikov.ee\/ee\/wp-json\/wp\/v2\/pages\/63\/revisions\/5346"}],"up":[{"embeddable":true,"href":"https:\/\/www.kalashnikov.ee\/ee\/wp-json\/wp\/v2\/pages\/59"}],"wp:attachment":[{"href":"https:\/\/www.kalashnikov.ee\/ee\/wp-json\/wp\/v2\/media?parent=63"}],"curies":[{"name":"wp","href":"https:\/\/api.w.org\/{rel}","templated":true}]}}