{"id":519,"date":"2015-01-03T16:32:07","date_gmt":"2015-01-03T12:32:07","guid":{"rendered":"http:\/\/www.websolution.ee\/kalashnikov2\/?page_id=519"},"modified":"2019-03-01T17:43:30","modified_gmt":"2019-03-01T15:43:30","slug":"business-financial-law","status":"publish","type":"page","link":"https:\/\/www.kalashnikov.ee\/ee\/oigusburoo\/teenused\/ari-ja-finantsoigus","title":{"rendered":"\u00c4ri- ja finants\u00f5igus"},"content":{"rendered":"<p><strong>Kalashnikov \u00d5igusb\u00fcroo<\/strong> pakub teile alati kiireid, k\u00f5rgetasemeliseid ja kvaliteetseid <span class=\"st\">juriidilisi teenuseid<\/span> k\u00f5ikides \u00e4ri- ja finants\u00f5igusega seotud asjades.<\/p>\n<p>Meie spetsialistid aitavad teid ning osutavad teile k\u00f5iki vajalikke \u00f5igusalaseid ja organisatsioonilisi teenuseid j\u00e4rgmistes k\u00fcsimustes:<\/p>\n<ul>\n<li>\u00c4ri\u00f5igus, panga\u00f5igus<\/li>\n<li>Finants\u00f5igus, maksu\u00f5igus, tolli\u00f5igus<\/li>\n<li>Lepingu\u00f5igus, v\u00f5la\u00f5igus, asja\u00f5igus<\/li>\n<li>Ettev\u00f5tte asutamine, \u00fcmberkujundamine, likvideerimine<\/li>\n<li>Ettev\u00f5tte registreerimine k\u00e4ibemaksukohuslasena (VAT)<\/li>\n<li><span class=\"st\">Muudatuse kandmiseks \u00e4riregistrisse<\/span><\/li>\n<li>Litsensid, tegevusload ja kaubam\u00e4rgid<\/li>\n<li>Rahvusvaheline \u00e4ri- ja finants\u00f5igus<\/li>\n<li>Kaubavedu, transport ja logistika<\/li>\n<li>Kindlustus\u00f5igus, kahju h\u00fcvitamine<\/li>\n<li>Ehitus ja kinnisvara<\/li>\n<li>Kohtuvaidlused ja \u00e4rialaste lahkarvamuste kohtueelne lahendamine<\/li>\n<\/ul>\n<p><strong>NB! \u00d5igusalased konsultatsioonid \u00e4ri- ja finants\u00f5iguslikes k\u00fcsimustes toimuvad ainult eelneval kokkuleppel Kalashnikov \u00d5igusb\u00fcroo kontoris ning telefoni v\u00f5i e-posti teel.<\/strong><\/p>\n<p>Kalashnikov \u00d5igusb\u00fcroo pakub oma klientidele alati kiiret ja kvaliteetset \u00f5igusalast n\u00f5ustamist ja juriidilist tuge ning abi \u00e4ri- ja finants\u00f5igust puudutavates k\u00fcsimuses.<\/p>\n<p><strong>Konsultatsiooni aja broneerimiseks palume Teil t\u00e4ita vastav\u00a0<a href=\"http:\/\/www.kalashnikov.ee\/yuridicheskoye-byuro\/zapis-na-priyom\">registreerimisvorm<\/a> meie kodulehel, helistada telefonil 677 55 44 v\u00f5i kirjutada s\u00f5num e-posti aadressile klienditugi@kalashnikov.ee<\/strong><\/p>\n<p><\/p>","protected":false},"excerpt":{"rendered":"<p>Kalashnikov \u00d5igusb\u00fcroo pakub teile alati kiireid, k\u00f5rgetasemeliseid ja kvaliteetseid juriidilisi teenuseid k\u00f5ikides \u00e4ri- ja finants\u00f5igusega seotud asjades. Meie spetsialistid aitavad&#8230;<\/p>\n","protected":false},"author":3,"featured_media":0,"parent":14,"menu_order":0,"comment_status":"open","ping_status":"open","template":"page-services.php","meta":{"_acf_changed":false,"footnotes":""},"class_list":["post-519","page","type-page","status-publish","hentry"],"acf":[],"_links":{"self":[{"href":"https:\/\/www.kalashnikov.ee\/ee\/wp-json\/wp\/v2\/pages\/519","targetHints":{"allow":["GET"]}}],"collection":[{"href":"https:\/\/www.kalashnikov.ee\/ee\/wp-json\/wp\/v2\/pages"}],"about":[{"href":"https:\/\/www.kalashnikov.ee\/ee\/wp-json\/wp\/v2\/types\/page"}],"author":[{"embeddable":true,"href":"https:\/\/www.kalashnikov.ee\/ee\/wp-json\/wp\/v2\/users\/3"}],"replies":[{"embeddable":true,"href":"https:\/\/www.kalashnikov.ee\/ee\/wp-json\/wp\/v2\/comments?post=519"}],"version-history":[{"count":39,"href":"https:\/\/www.kalashnikov.ee\/ee\/wp-json\/wp\/v2\/pages\/519\/revisions"}],"predecessor-version":[{"id":4363,"href":"https:\/\/www.kalashnikov.ee\/ee\/wp-json\/wp\/v2\/pages\/519\/revisions\/4363"}],"up":[{"embeddable":true,"href":"https:\/\/www.kalashnikov.ee\/ee\/wp-json\/wp\/v2\/pages\/14"}],"wp:attachment":[{"href":"https:\/\/www.kalashnikov.ee\/ee\/wp-json\/wp\/v2\/media?parent=519"}],"curies":[{"name":"wp","href":"https:\/\/api.w.org\/{rel}","templated":true}]}}