{"id":514,"date":"2015-01-03T16:21:49","date_gmt":"2015-01-03T12:21:49","guid":{"rendered":"http:\/\/www.websolution.ee\/kalashnikov2\/?page_id=514"},"modified":"2021-12-14T16:44:56","modified_gmt":"2021-12-14T14:44:56","slug":"civil-law","status":"publish","type":"page","link":"https:\/\/www.kalashnikov.ee\/ee\/oigusburoo\/teenused\/era-ja-tsiviiloigus","title":{"rendered":"Era- ja Tsiviil\u00f5igus"},"content":{"rendered":"<p><br \/>\n<strong>Kalashnikov \u00d5igusb\u00fcroo<\/strong> pakub teile alati kiireid, k\u00f5rgetasemeliseid ja kvaliteetseid <span class=\"st\">juriidilisi teenuseid<\/span> k\u00f5ikides era- ja tsiviil\u00f5igusega seotud asjades.<\/p>\n<p>Meie spetsialistid aitavad teid ning osutavad teile k\u00f5iki vajalikke \u00f5igusalaseid ja organisatsioonilisi teenuseid j\u00e4rgmistes k\u00fcsimustes:<\/p>\n<ul>\n<li>Era\u00f5igus, tsiviil\u00f5igus<\/li>\n<li>Lepingu\u00f5igus, v\u00f5la\u00f5igus, asja\u00f5igus, p\u00e4rimis\u00f5igus<\/li>\n<li><span class=\"st\">Tsiviilvastutus<\/span><\/li>\n<li>T\u00f6\u00f6\u00f5igus, tarbijakaitse<\/li>\n<li>V\u00f5lad, v\u00f5lgnevused, kohtut\u00e4iturid ja intressid<\/li>\n<li>Rahvusvaheline era\u00f5igus<\/li>\n<\/ul>\n<p><strong>NB! \u00d5igusalased konsultatsioonid era- ja\u00a0tsiviil\u00f5iguslikes k\u00fcsimustes toimuvad ainult eelneval kokkuleppel Kalashnikov \u00d5igusb\u00fcroo kontoris ning telefoni v\u00f5i e-posti teel.<\/strong><\/p>\n<p>Kalashnikov \u00d5igusb\u00fcroo pakub oma klientidele alati kiiret ja kvaliteetset \u00f5igusalast n\u00f5ustamist ja juriidilist tuge ning abi era- ja tsiviil\u00f5igust puudutavates k\u00fcsimuses.<\/p>\n<p><strong>Konsultatsiooni aja broneerimiseks palume Teil t\u00e4ita vastav\u00a0<a href=\"http:\/\/www.kalashnikov.ee\/yuridicheskoye-byuro\/zapis-na-priyom\">registreerimisvorm<\/a> meie kodulehel, helistada telefonil 677 55 44 v\u00f5i kirjutada s\u00f5num e-posti aadressile klienditugi@kalashnikov.ee<\/strong><\/p>","protected":false},"excerpt":{"rendered":"<p>Kalashnikov \u00d5igusb\u00fcroo pakub teile alati kiireid, k\u00f5rgetasemeliseid ja kvaliteetseid juriidilisi teenuseid k\u00f5ikides era- ja tsiviil\u00f5igusega seotud asjades. Meie spetsialistid aitavad&#8230;<\/p>\n","protected":false},"author":3,"featured_media":0,"parent":14,"menu_order":0,"comment_status":"open","ping_status":"open","template":"page-services.php","meta":{"_acf_changed":false,"footnotes":""},"class_list":["post-514","page","type-page","status-publish","hentry"],"acf":[],"_links":{"self":[{"href":"https:\/\/www.kalashnikov.ee\/ee\/wp-json\/wp\/v2\/pages\/514","targetHints":{"allow":["GET"]}}],"collection":[{"href":"https:\/\/www.kalashnikov.ee\/ee\/wp-json\/wp\/v2\/pages"}],"about":[{"href":"https:\/\/www.kalashnikov.ee\/ee\/wp-json\/wp\/v2\/types\/page"}],"author":[{"embeddable":true,"href":"https:\/\/www.kalashnikov.ee\/ee\/wp-json\/wp\/v2\/users\/3"}],"replies":[{"embeddable":true,"href":"https:\/\/www.kalashnikov.ee\/ee\/wp-json\/wp\/v2\/comments?post=514"}],"version-history":[{"count":41,"href":"https:\/\/www.kalashnikov.ee\/ee\/wp-json\/wp\/v2\/pages\/514\/revisions"}],"predecessor-version":[{"id":5661,"href":"https:\/\/www.kalashnikov.ee\/ee\/wp-json\/wp\/v2\/pages\/514\/revisions\/5661"}],"up":[{"embeddable":true,"href":"https:\/\/www.kalashnikov.ee\/ee\/wp-json\/wp\/v2\/pages\/14"}],"wp:attachment":[{"href":"https:\/\/www.kalashnikov.ee\/ee\/wp-json\/wp\/v2\/media?parent=514"}],"curies":[{"name":"wp","href":"https:\/\/api.w.org\/{rel}","templated":true}]}}