{"id":492,"date":"2015-01-02T20:49:47","date_gmt":"2015-01-02T16:49:47","guid":{"rendered":"http:\/\/www.websolution.ee\/kalashnikov2\/?page_id=492"},"modified":"2019-04-13T09:15:45","modified_gmt":"2019-04-13T06:15:45","slug":"korteri-yhistutele","status":"publish","type":"page","link":"https:\/\/www.kalashnikov.ee\/ee\/oigusburoo\/notar","title":{"rendered":"Notari teenuste korraldamine ja ettevalmistamine"},"content":{"rendered":"<p><\/p>\n<div class=\"hinnakiri\">\nKalashnikov \u00d5igusb\u00fcroo pakub notari toimingute ja protseduuride korraldamist ja ettevalmistamist ning sellega seotud \u00f5igusalaste ja tehniliste teenuste osutamist\n<\/div>\n<p><\/br><\/p>\n<div style=\"width:875px; height:50px; border:#ff7000 solid 2px; font-size:14px; margin:0 auto; text-align:center;\">\n<p style=\"margin-top:1px; margin-bottom:0px; padding-bottom:0px; font-weight:bold; color:#ff7000;\">Kalashnikov \u00d5igusb\u00fcroo ei ole notarib\u00fcroo ning selle esindajad ei ole notarid<\/p>\n<p \">Meie b\u00fcroo pakub klientidele n\u00f5ustamisteenuseid ning aitab notariaalsete protseduuride ja toimingute korraldamises ja l\u00e4biviimises<\/p>\n<\/div>\n<div class=\"hinnakiri\">\n<\/br><br \/>\nK\u00f5ik Kalashnikov \u00d5igusb\u00fcroo pakutavate teenuste hinnad sisalduvad notari tasusid, v\u00f5imaliku riigil\u00f5ivu ning notari toimingute korraldamise ja ettevalmistamise tasusid meie b\u00fcroo poolt.<\/p>\n<h2>I. Tehingud kinnisvaraga<\/h2>\n<p>\n<table id=\"tablepress-48\" class=\"tablepress tablepress-id-48\">\n<thead>\n<tr class=\"row-1\">\n\t<th class=\"column-1\">Notari teenus<\/th><th class=\"column-2\">Hind&emsp; &emsp;&emsp;&emsp;&emsp;   <\/th>\n<\/tr>\n<\/thead>\n<tbody class=\"row-striping row-hover\">\n<tr class=\"row-2\">\n\t<td class=\"column-1\">Kinnisvara omandamine v\u00f5i v\u00f5\u00f5randamine (tehingute ettevalmistamine, lepingute koostamine ning t\u00f5estamine)<\/td><td class=\"column-2\">al. 125 eur<\/td>\n<\/tr>\n<tr class=\"row-3\">\n\t<td class=\"column-1\">Piiratud asja\u00f5iguste seadmine kinnisvarale (isiklikud- ja reealsarvituudid, hoonestus\u00f5igus, ostuees\u00f5igus, kasutusvaldus ja isiklik kasutus\u00f5igus)<\/td><td class=\"column-2\">al. 50 eur<\/td>\n<\/tr>\n<tr class=\"row-4\">\n\t<td class=\"column-1\">Kinnisvara objekti kinkelepingu koostamine ja t\u00f5estamine<\/td><td class=\"column-2\">al. 125 eur<\/td>\n<\/tr>\n<tr class=\"row-5\">\n\t<td class=\"column-1\">H\u00fcpoteegi seadmine kinnisvarale<\/td><td class=\"column-2\">al. 100 eur<\/td>\n<\/tr>\n<tr class=\"row-6\">\n\t<td class=\"column-1\">H\u00fcpoteegi kustutamine<\/td><td class=\"column-2\">al. 50 eur<\/td>\n<\/tr>\n<\/tbody>\n<\/table>\n<!-- #tablepress-48 from cache --><br \/>\n<em>*Isikliku hinnapakkumise kujundamiseks tuleva tehingu suhtes p\u00f6\u00f6rduge Kalashnikov \u00d5igusb\u00fcroo spetsialistide poole<\/em><br \/>\n<em>*Eelnimetatud notariaalse toimingutega seotud teenuse hinna m\u00e4\u00e4ramise aluseks on notari toimingu objektiks oleva kinnisasja v\u00f5i piiratud asja\u00f5iguse tegelik hind ning korraldatava notariaalse protseduuri keerukus<\/em><br \/>\n<em>* Teenuse hind sisaldab lisaks notaritasule ja riigl\u00f5ivule samuti \u00f5igsalast n\u00f5ustamist ja notariaalse toimingu ettevalmistamist ning korraldamist Kalashnikov \u00d5igusb\u00fcroo juristide poolt<\/em><\/p>\n<h2>II. P\u00e4rand ja p\u00e4rimis\u00f5igus<\/h2>\n\n<table id=\"tablepress-50\" class=\"tablepress tablepress-id-50\">\n<thead>\n<tr class=\"row-1\">\n\t<th class=\"column-1\">Notari teenus<\/th><th class=\"column-2\">Hind<\/th>\n<\/tr>\n<\/thead>\n<tbody class=\"row-striping row-hover\">\n<tr class=\"row-2\">\n\t<td class=\"column-1\">Testamendi t\u00f5estamine<\/td><td class=\"column-2\">50 eur<\/td>\n<\/tr>\n<tr class=\"row-3\">\n\t<td class=\"column-1\">Kinnises \u00fcmbrikus testamendi hoiulev\u00f5tmise t\u00f5estamine<\/td><td class=\"column-2\">50 eur<\/td>\n<\/tr>\n<tr class=\"row-4\">\n\t<td class=\"column-1\">Abikaasade vastastikuse testamendi t\u00f5estamine<\/td><td class=\"column-2\">60 eur<\/td>\n<\/tr>\n<tr class=\"row-5\">\n\t<td class=\"column-1\">P\u00e4rimismenetluse algatamise avalduse t\u00f5estamine <\/td><td class=\"column-2\">80 eur<\/td>\n<\/tr>\n<tr class=\"row-6\">\n\t<td class=\"column-1\">P\u00e4rijate v\u00e4ljaselgitamine ja p\u00e4rimistunnistuse v\u00e4ljastamine<\/td><td class=\"column-2\">125 eur<\/td>\n<\/tr>\n<tr class=\"row-7\">\n\t<td class=\"column-1\">\u00dcleskutsemenetluse l\u00e4biviimine<\/td><td class=\"column-2\">35 eur<\/td>\n<\/tr>\n<tr class=\"row-8\">\n\t<td class=\"column-1\">P\u00e4randi vastuv\u00f5tmise avalduse t\u00f5estamine<\/td><td class=\"column-2\">80 eur<\/td>\n<\/tr>\n<tr class=\"row-9\">\n\t<td class=\"column-1\">P\u00e4randist loobumise avalduse t\u00f5estamine<\/td><td class=\"column-2\">10 eur<\/td>\n<\/tr>\n<\/tbody>\n<\/table>\n<!-- #tablepress-50 from cache -->\n<h2>III. Perekonna\u00f5igus<\/h2>\n\n<table id=\"tablepress-52\" class=\"tablepress tablepress-id-52\">\n<thead>\n<tr class=\"row-1\">\n\t<th class=\"column-1\">Notari teenus<\/th><th class=\"column-2\">Hind<\/th>\n<\/tr>\n<\/thead>\n<tbody class=\"row-striping row-hover\">\n<tr class=\"row-2\">\n\t<td class=\"column-1\">Abielu s\u00f5lmimine notarib\u00fcroos<\/td><td class=\"column-2\">200 eur<\/td>\n<\/tr>\n<tr class=\"row-3\">\n\t<td class=\"column-1\">Abielu s\u00f5lmimine v\u00e4ljaspool notarib\u00fcrood<\/td><td class=\"column-2\">kokkuleppel<\/td>\n<\/tr>\n<tr class=\"row-4\">\n\t<td class=\"column-1\">Abieluvaralepingu koostamine ja t\u00f5estamine<\/td><td class=\"column-2\">alates 250 eur<\/td>\n<\/tr>\n<tr class=\"row-5\">\n\t<td class=\"column-1\">Abielu lahutamine notarib\u00fcroos<\/td><td class=\"column-2\">150 eur<\/td>\n<\/tr>\n<tr class=\"row-6\">\n\t<td class=\"column-1\">Abielu- v\u00f5i \u00fchisvara jagamise lepingu koostamine ja t\u00f5estamine<\/td><td class=\"column-2\">alates 250 eur<\/td>\n<\/tr>\n<\/tbody>\n<\/table>\n<!-- #tablepress-52 from cache -->\n<h2>IV. \u00c4ri\u00f5igus<\/h2>\n\n<table id=\"tablepress-58\" class=\"tablepress tablepress-id-58\">\n<thead>\n<tr class=\"row-1\">\n\t<th class=\"column-1\">Notari teenus<\/th><th class=\"column-2\">Hind<\/th>\n<\/tr>\n<\/thead>\n<tbody class=\"row-striping row-hover\">\n<tr class=\"row-2\">\n\t<td class=\"column-1\">\u00c4ri\u00fchingu asutamine (O\u00dc)<\/td><td class=\"column-2\">450 eur<\/td>\n<\/tr>\n<tr class=\"row-3\">\n\t<td class=\"column-1\">Mittetulundus\u00fchingu (MT\u00dc) asutamine<\/td><td class=\"column-2\">450 eur<\/td>\n<\/tr>\n<tr class=\"row-4\">\n\t<td class=\"column-1\">\u00c4ri\u00fchingu osa\/osaluse ostu-m\u00fc\u00fcgi v\u00f5i kinketehingu t\u00f5estamine<\/td><td class=\"column-2\">350 eur<\/td>\n<\/tr>\n<tr class=\"row-5\">\n\t<td class=\"column-1\">\u00c4ri\u00fchingu p\u00f5hikirja v\u00f5i juhatuse liikmete nimekirja muutmine<\/td><td class=\"column-2\">150 eur<\/td>\n<\/tr>\n<tr class=\"row-6\">\n\t<td class=\"column-1\">\u00c4ri\u00fchingu osa\/osaluse ostu-m\u00fc\u00fcgi tehing koos juhatuse liikmete nimekirja v\u00f5i p\u00f5hikirja muutmisega<\/td><td class=\"column-2\">450 eur<\/td>\n<\/tr>\n<\/tbody>\n<\/table>\n<!-- #tablepress-58 from cache -->\n<h2>V. Muud notari teenused<\/h2>\n\n<table id=\"tablepress-54\" class=\"tablepress tablepress-id-54\">\n<thead>\n<tr class=\"row-1\">\n\t<th class=\"column-1\">Notari teenus<\/th><th class=\"column-2\">Hind<\/th>\n<\/tr>\n<\/thead>\n<tbody class=\"row-striping row-hover\">\n<tr class=\"row-2\">\n\t<td class=\"column-1\">Allkirja ja allkirjan\u00e4idise kinnitamine<\/td><td class=\"column-2\">30 eur<\/td>\n<\/tr>\n<tr class=\"row-3\">\n\t<td class=\"column-1\">F\u00fc\u00fcsilise isiku volituse t\u00f5estamine<\/td><td class=\"column-2\">50 eur<\/td>\n<\/tr>\n<tr class=\"row-4\">\n\t<td class=\"column-1\">Juriidilise isiku volituse t\u00f5estamine<\/td><td class=\"column-2\">100 eur<\/td>\n<\/tr>\n<tr class=\"row-5\">\n\t<td class=\"column-1\">Dokumendi kinnitamine tunnistusega (apostille\u2019ga) <\/td><td class=\"column-2\">45 eur<\/td>\n<\/tr>\n<\/tbody>\n<\/table>\n<!-- #tablepress-54 from cache -->\n<h2>V. Lisateenused<\/h2>\n\n<table id=\"tablepress-60\" class=\"tablepress tablepress-id-60\">\n<thead>\n<tr class=\"row-1\">\n\t<th class=\"column-1\">Teenus<\/th><th class=\"column-2\">Hind<\/th>\n<\/tr>\n<\/thead>\n<tbody class=\"row-striping row-hover\">\n<tr class=\"row-2\">\n\t<td class=\"column-1\">Volikirja, avalduse v\u00f5i n\u00f5usoleku teksti ettevalmistamine <\/td><td class=\"column-2\">alates 60 eur<\/td>\n<\/tr>\n<tr class=\"row-3\">\n\t<td class=\"column-1\">T\u00f5lketeenused (notari v\u00f5i vandet\u00f5lgi kinnitatud t\u00f5lge)<\/td><td class=\"column-2\">alates 50 eur<\/td>\n<\/tr>\n<tr class=\"row-4\">\n\t<td class=\"column-1\">\u00d5igusalane n\u00f5ustamine (p\u00e4rimis\u00f5igus, asja\u00f5igus ja \u00e4ri\u00f5igus)<\/td><td class=\"column-2\">90 eur tunnis<\/td>\n<\/tr>\n<tr class=\"row-5\">\n\t<td class=\"column-1\">\u00d5igusalane n\u00f5ustamine perekonna\u00f5iguslikes asjades<\/td><td class=\"column-2\">70 eur tunnis<\/td>\n<\/tr>\n<\/tbody>\n<\/table>\n<!-- #tablepress-60 from cache -->\n<p><strong>Lisainfo:<\/strong><br \/>\n<em><br \/>\n* Kalashnikov \u00d5igusb\u00fcroo ning selle esindajad ei ole Notariaadiseaduse (NotS) \u00a7 2-s s\u00e4testatud isikuteks.<br \/>\n* Kalashnikov \u00d5igusb\u00fcroo pakutavate teenuste hinnad v\u00f5ivad erineda Notari tasu seaduses (NotTS) s\u00e4testatud tasudest.<br \/>\n* K\u00f5ik k\u00e4soleval lehel esitatud hinnad on illustratiivsed ning v\u00f5ivad muutuda l\u00e4htudes toimingu keerukusest.<br \/>\n* Eestis tegutsevate notarite nimekiri koos nende kontaktandmetega on saadaval Notarite Koja interneti kodulehel.<br \/>\n<\/em><\/p>\n<p><strong>Broneerige aega notari juurde v\u00f5i k\u00fcsige t\u00e4iendavat informatsiooni meie juristidelt telefonil (+372) 677 55 44 v\u00f5i kirjutage s\u00f5num e-posti aadressile <a href=\"mailto:notar@kalashnikov.ee\">notar@kalashnikov.ee<\/a><\/strong><\/p>\n<\/div>\n<p><\/p>\n<p><\/p>","protected":false},"excerpt":{"rendered":"<p>Kalashnikov \u00d5igusb\u00fcroo pakub notari toimingute ja protseduuride korraldamist ja ettevalmistamist ning sellega seotud \u00f5igusalaste ja tehniliste teenuste osutamist Kalashnikov \u00d5igusb\u00fcroo&#8230;<\/p>\n","protected":false},"author":3,"featured_media":0,"parent":10,"menu_order":0,"comment_status":"open","ping_status":"open","template":"page-law-fullpage.php","meta":{"_acf_changed":false,"footnotes":""},"class_list":["post-492","page","type-page","status-publish","hentry"],"acf":[],"_links":{"self":[{"href":"https:\/\/www.kalashnikov.ee\/ee\/wp-json\/wp\/v2\/pages\/492","targetHints":{"allow":["GET"]}}],"collection":[{"href":"https:\/\/www.kalashnikov.ee\/ee\/wp-json\/wp\/v2\/pages"}],"about":[{"href":"https:\/\/www.kalashnikov.ee\/ee\/wp-json\/wp\/v2\/types\/page"}],"author":[{"embeddable":true,"href":"https:\/\/www.kalashnikov.ee\/ee\/wp-json\/wp\/v2\/users\/3"}],"replies":[{"embeddable":true,"href":"https:\/\/www.kalashnikov.ee\/ee\/wp-json\/wp\/v2\/comments?post=492"}],"version-history":[{"count":218,"href":"https:\/\/www.kalashnikov.ee\/ee\/wp-json\/wp\/v2\/pages\/492\/revisions"}],"predecessor-version":[{"id":4512,"href":"https:\/\/www.kalashnikov.ee\/ee\/wp-json\/wp\/v2\/pages\/492\/revisions\/4512"}],"up":[{"embeddable":true,"href":"https:\/\/www.kalashnikov.ee\/ee\/wp-json\/wp\/v2\/pages\/10"}],"wp:attachment":[{"href":"https:\/\/www.kalashnikov.ee\/ee\/wp-json\/wp\/v2\/media?parent=492"}],"curies":[{"name":"wp","href":"https:\/\/api.w.org\/{rel}","templated":true}]}}