{"id":4745,"date":"2020-12-07T23:19:04","date_gmt":"2020-12-07T21:19:04","guid":{"rendered":"http:\/\/www.kalashnikov.ee\/?page_id=4745"},"modified":"2021-01-14T20:45:46","modified_gmt":"2021-01-14T18:45:46","slug":"malyj-alternativnyj-fond-aif","status":"publish","type":"page","link":"https:\/\/www.kalashnikov.ee\/ee\/litsentsid\/vaikesemahuline-alternatiivfond-aif","title":{"rendered":"V\u00e4ikesemahuline alternatiivfond (AIF)"},"content":{"rendered":"<p><\/p>\n<p>Eesti Vabariigi \u00f5igusv\u00e4li eeldab v\u00f5imalust korraldada investeeringute kogumist ja kaasamist ning edaspidi \u00fchisrahastuse varade valitsemist v\u00e4ikesemahuliste alternatiivfondide lihtsustatud regulatsiooni raames.<\/p>\n<ul>\n<li>Reguleeriv asutus: Finantsinspektsioon (Financial Supervisory Authority, FSA)<\/li>\n<li>Reguleeriv \u00f5igusakt: <a href=\"https:\/\/www.riigiteataja.ee\/akt\/104012021029\">Investeerimisfondide seadus (Investment Funds Act)<\/a><\/li>\n<li>Taotluse l\u00e4bivaatamise t\u00e4htaeg: kuni 60 p\u00e4eva<\/li>\n<\/ul>\n<p style=\"margin-top:40px;\">Alternatiivne investeerimisfond (Alternative Investment Fund, AIF) on k\u00f5ige mugavam struktuur \u00fchisrahastamiseks, mille raames investorite vara kaasatakse selle edasiseks kasutamiseks ja paigutamiseks investorite huvides varem m\u00e4\u00e4ratud investeerimispoliitika kohaselt fondivalitseja ettev\u00f5tte juhtimise all.<\/p>\n<p>Parim lahendus kollektiivsete riskiinvesteeringute teostamiseks ja fondivahendite paigutamiseks aktsiatesse, v\u00f5lakirjadesse, tuletisv\u00e4\u00e4rtpaberitesse, valuutadesse, kr\u00fcptorahasse, kinnisvarasse ning muudesse finants- ja m\u00fc\u00fcgivaradesse.<\/p>\n<p align=\"center\" style=\"margin-top:40px; font-size:20px;\"><strong><a href=\"http:\/\/www.kalashnikov.ee\/ee\/oigusburoo\/vastuvottu-broneerimine\">SAADA P\u00c4RING<\/a><\/strong><\/font><\/p>\n<p align=\"center\" style=\"margin-top:25px;\"><em>v\u00f5i v\u00f5tke meiega \u00fchendust <a href=\"mailto:klienditugi@kalashnikov.ee\">e-posti<\/a> kaudu<\/em><\/p>\n<p style=\"margin-top:40px;\">Meie kogemus ja p\u00e4devus v\u00f5imaldab v\u00e4ga l\u00fchikese t\u00e4htaja jooksul Teie investeerimisprojektil siseneda Eesti Vabariigi ja EL-i \u00f5igusv\u00e4ljale.<\/p>\n<h2 style=\"margin-top:40px;\"><strong>V\u00c4IKEFONDI REGISTREERIMISE EELISED<\/strong><\/h2>\n<p>V\u00e4ikesemahulise alternatiivfondi registreerimine Eesti Vabariigi jurisdiktsiooni all annab kindlaid eelised, mille hulka kuulub:<\/p>\n<ul>\n<li><strong>Laiad v\u00f5imalused.<\/strong><br \/>\nKoguvarade valitsemine mahus kuni 500 mln eurot;<\/li>\n<li><strong>Asutamise lihtsus.<\/strong><br \/>\nLihtne viis registreerimiseks 30\u201360 p\u00e4evaga;<\/li>\n<li><strong>Universaalne investeerimisportfell.<\/strong><br \/>\nV\u00f5imalus valitseda aktsiaid, tuletisinstrumente, kr\u00fcptoraha, kinnisvara ja muid finants- ja m\u00fc\u00fcgivarasid;<\/li>\n<li><strong>T\u00e4ielik konfidentsiaalsus.<\/strong><br \/>\nFondi investorite nimekirju ja nende investeeringute mahtusid ei avalikustata;<\/li>\n<li><strong>Vastutuse piirang.<\/strong><br \/>\nInvestorite materiaalne vastutus on piiratud nende investeeringu (sissemakse) summaga.<\/li>\n<\/ul>\n<h2 style=\"margin-top:40px;\"><strong>FONDI STRUKTUUR<\/strong><\/h2>\n<p>V\u00e4ikesemahulise alternatiivfondi (AIF) toimimiseks tuleb Eesti Vabariigi \u00c4riregistris registreerida kaks juriidilist isikut:<\/p>\n<h3><strong>Fondivalitseja (Fund Manager)<\/strong><\/h3>\n<p>On \u00e4ri\u00fching, kelle peamiseks ja p\u00fcsivaks tegevuseks on \u00fche v\u00f5i mitme fondi valitsemine, st investorite finantsvarade juhtimine kasumi maksimaalseks suurendamiseks minimaalse riski puhul. V\u00e4ikesemahulise alternatiivfondi valitseja (Small Fund Manager) v\u00f5ib kontrollida mitut fondi, kuid valitsetavate fondide koguvarad ei tohi \u00fcletada 100 mln eurot v\u00f5i juhul, kui tehakse pikaajalised investeeringud (alates 5 aastast) ja ei kasutata finantsv\u00f5imendust, siis fondide koguvarade maht v\u00f5ib ulatuda 500 mln euroni.<\/p>\n<h3><strong>Usaldusfond (Limited Partnership Fund, LPF)<\/strong><\/h3>\n<p>On k\u00f5ige lihtsamini registreeritav, hallatav ja k\u00f5ige enam levinud juriidiline vorm v\u00e4iksemahulise alternatiivfondi jaoks. LPF juriidilise isikuna on \u00fcks Eesti \u00e4riseadustikus m\u00e4rgitud usaldus\u00fchingu (Limited Partnership) liikidest. LPF osanikeks on v\u00e4hemalt \u00fcks t\u00e4isosanik (General Partner), kelleks on tavaliselt fondivalitseja (Fund Manager) ja v\u00e4hemalt \u00fcks usaldusliige (Limited Partner) ehk investor.<\/p>\n<h2 style=\"margin-top:40px;\"><strong>FONDI REGISTREERIMISE ETAPID<\/strong><\/h2>\n<p>Fondi tegevuse alustamiseks Eesti ja EL-i \u00f5igusaktide kohaselt tuleb l\u00e4bida registreerimise ja lubade saamise protsess, mis koosneb j\u00e4rgmistest etappidest:<\/p>\n<ul>\n<li><strong>Fondivalitseja ettev\u00f5tte registreerimine<\/strong><br \/>\nEttev\u00f5tte (Limited Liability Company, LLC) asutamine, mis hakkab t\u00e4itma fondivalitseja (Fund Manager) \u00fclesandeid. \u00c4riregistris registreerimise protsess v\u00f5tab 1\u20135 t\u00f6\u00f6p\u00e4eva. ettev\u00f5ttel peab olema v\u00e4hemalt 2 juhatuse liiget (director). mis tahes muud t\u00e4iendavad n\u00f5uded puuduvad.<\/li>\n<li><strong>Fondi registreerimiseks tegevusloa saamine<\/strong><br \/>\nLPF asutamiseks peab fondivalitseja saama tegevusloa Finantsinspektsioonilt (FSA). Reguleerivale asutusele tuleb esitada tulevase fondi asutamisdokumendid ning muud seaduses m\u00e4rgitud materjalid ja dokumendid. Taotlus vaadatakse l\u00e4bi kuni 60 p\u00e4eva jooksul.<\/li>\n<li><strong>Fondivalitseja poolt AML-kontrolli l\u00e4bimine<\/strong><br \/>\nlisaks Finantsinspektsiooni tegevusloale peab v\u00e4ikefondi valitseja l\u00e4bima ka AML-kontrolli finantseeriva asutuse rahapesu andmeb\u00fcroo (Financial Intelligence Unit \u2013 FIU) poolt. Taotlus vaadatakse l\u00e4bi kuni 60 p\u00e4eva jooksul. Seda taotlust v\u00f5ib esitada paralleelselt avaldusega LPF registreerimiseks Finantsinspektsioonis.<\/li>\n<li><strong>Fondi registreerimine \u00c4riregistris<\/strong><br \/>\nFinantsinspektsiooni poolt v\u00e4ljastatud tegevusloa olemasolu korral v\u00f5tab \u00c4riregistris registreerimise protsess 1\u20135 t\u00f6\u00f6p\u00e4eva.<\/li>\n<\/ul>\n<h2 style=\"margin-top:40px;\"><strong>PIIRANGUD<\/strong><\/h2>\n<p>Fondi tegevusele ja investoritele osakute pakkumise protsessi teatud detailidele on seatud m\u00f5ningad piirangud.<\/p>\n<p>Eesti \u00f5igusnormide kohaselt ei saa v\u00e4ikesemahuline alternatiivfond avalikult pakkuda oma osakuid. Samal ajal ei loeta seaduste kohaselt fondi pakkumist avalikuks j\u00e4rgmistel juhtudel (kui j\u00e4rgitakse v\u00e4hemalt \u00fchte j\u00e4rgnevatest reeglitest):<\/p>\n<ul>\n<li>fondi osakute pakkumise kogumaksumus ei \u00fcleta 2 500 000 eurot \u00fche aasta jooksul k\u00f5ikides EL riikides;<\/li>\n<li>fondi osakute ostupakkumine tehakse ainult nendele investoritele, kes omandavad fondi osakud iga eraldi pakkumise raames v\u00e4hemalt 100 000 euro eest;<\/li>\n<li>osakute ostupakkumise raames on \u00fche osaku nimiv\u00e4\u00e4rtus v\u00e4hemalt 100 000 eurot;<\/li>\n<li>fondi osakute ostupakkumisi tehakse ainult professionaalsetele investoritele;<\/li>\n<li>fondi osakute ostupakkumine tehakse kuni 150 juriidilisele v\u00f5i f\u00fc\u00fcsilisele isikule, kes ei ole professionaalsed investorid, ja see arv kehtib EL-i iga riigi kohta.<\/ul>\n<\/li>\n<h2 style=\"margin-top:40px;\"><strong>V\u00d5TKE MEIEGA \u00dcHENDUST<\/strong><\/h2>\n<p>Individuaalkonsultatsiooni saamiseks seoses v\u00e4ikefondi avamisega palume \u00fchendust v\u00f5tta meie spetsialistidega telefonil <strong><a href=\"tel:+3726775544\">+372 6775544<\/a><\/strong> v\u00f5i kasutada j\u00e4rgmisi elektroonilisi sidekanaleid:<\/p>\n<ul>\n<li><strong>E-mail: <a href=\"mailto:klienditugi@kalashnikov.ee\">klienditugi@kalashnikov.ee<\/a><\/li>\n<li>Skype: <a href=\"skype:kalashnikov.ee\">kalashnikov.ee<\/a><\/li>\n<li>Viber: <a href=\"viber:\/\/chat?number=%2B37282088888\">+372 82088888<\/a><\/li>\n<li>WhatsApp: <a href=\"https:\/\/wa.me\/37282088888\">+372 82088888<\/a><\/li>\n<li>Telegram: <a href=\"https:\/\/telegram.me\/kalashnikov_law_office\">+372 82088888<\/a><\/strong><\/li>\n<\/ul>\n<p>Hea meelega vastame Teie k\u00fcsimustele ja pakume kvaliteetset juriidilist tuge Eesti finants\u00f5igust puudutavates k\u00fcsimustes.<\/p>\n<p><\/p>","protected":false},"excerpt":{"rendered":"<p>Eesti Vabariigi \u00f5igusv\u00e4li eeldab v\u00f5imalust korraldada investeeringute kogumist ja kaasamist ning edaspidi \u00fchisrahastuse varade valitsemist v\u00e4ikesemahuliste alternatiivfondide lihtsustatud regulatsiooni raames&#8230;.<\/p>\n","protected":false},"author":3,"featured_media":0,"parent":39,"menu_order":0,"comment_status":"closed","ping_status":"closed","template":"page-companies.php","meta":{"_acf_changed":false,"footnotes":""},"class_list":["post-4745","page","type-page","status-publish","hentry"],"acf":[],"_links":{"self":[{"href":"https:\/\/www.kalashnikov.ee\/ee\/wp-json\/wp\/v2\/pages\/4745","targetHints":{"allow":["GET"]}}],"collection":[{"href":"https:\/\/www.kalashnikov.ee\/ee\/wp-json\/wp\/v2\/pages"}],"about":[{"href":"https:\/\/www.kalashnikov.ee\/ee\/wp-json\/wp\/v2\/types\/page"}],"author":[{"embeddable":true,"href":"https:\/\/www.kalashnikov.ee\/ee\/wp-json\/wp\/v2\/users\/3"}],"replies":[{"embeddable":true,"href":"https:\/\/www.kalashnikov.ee\/ee\/wp-json\/wp\/v2\/comments?post=4745"}],"version-history":[{"count":105,"href":"https:\/\/www.kalashnikov.ee\/ee\/wp-json\/wp\/v2\/pages\/4745\/revisions"}],"predecessor-version":[{"id":5057,"href":"https:\/\/www.kalashnikov.ee\/ee\/wp-json\/wp\/v2\/pages\/4745\/revisions\/5057"}],"up":[{"embeddable":true,"href":"https:\/\/www.kalashnikov.ee\/ee\/wp-json\/wp\/v2\/pages\/39"}],"wp:attachment":[{"href":"https:\/\/www.kalashnikov.ee\/ee\/wp-json\/wp\/v2\/media?parent=4745"}],"curies":[{"name":"wp","href":"https:\/\/api.w.org\/{rel}","templated":true}]}}