{"id":39,"date":"2014-12-09T14:21:23","date_gmt":"2014-12-09T10:21:23","guid":{"rendered":"http:\/\/www.websolution.ee\/kalashnikov2\/?page_id=39"},"modified":"2020-12-07T23:55:36","modified_gmt":"2020-12-07T21:55:36","slug":"insurance","status":"publish","type":"page","link":"https:\/\/www.kalashnikov.ee\/ee\/litsentsid","title":{"rendered":"Litsentsid ja tegevuslubad"},"content":{"rendered":"<p>Vastavalt Eesti Vabariigis kehtivale seadusandlusele eeldavad teatud liiki \u00e4ritegevused eelnevat registreerimist majandustegevuse registris v\u00f5i vastava j\u00e4relevalveasutuse litsentsi v\u00f5i tegevusloa saamist. Tegevusest teatamine v\u00f5i litsentsi v\u00f5i tegevusloa taotlemine on teatud tegevusalade puhul seadustega m\u00e4\u00e4ratletud protseduur, mis n\u00f5uab \u00f5igusaktidest tulenevate formaalsete ja materiaalsete n\u00f5uete t\u00e4itmist.<\/p>\n<p>Meie b\u00fcroo tegeleb litsentsite ja tegevuslubade vormistamisega ning erinevate majandustegevuste teatiste taotlemisega, kaasa arvatud virtuaalv\u00e4\u00e4ringute (kr\u00fcptoraha) tegevuslubade (kr\u00fcpto-litsentsid) ja erineva suunitlusega finantslitsentside saamise ja vormistamisega. Meie spetsialistid on alati valmis aitama teid vajaliku litsentsi v\u00f5i tegevusloa taotlemisel v\u00f5i majandustegevuse kohta k\u00e4iva taotluse esitamisel vastavasse registrisse.<\/p>\n<h2><strong>Virtuaalv\u00e4\u00e4ringute ja kr\u00fcptoraha tegevusload<\/strong><\/h2>\n<ul>\n<li>Kr\u00fcptoraha ja virtuaalv\u00e4\u00e4ringu raha vastu vahetamise teenuse osutamise tegevusluba<\/li>\n<li>Kr\u00fcptoraha ja virtuaalv\u00e4\u00e4ringu rahakotiteenuse osutamise tegevusluba (kr\u00fcptorahakott) <\/ li>\n<\/ul>\n<h2><strong>Finantsteenuste osutaja tegevusload<\/strong><\/h2>\n<ul>\n<li>Valuutavahetuse teenuse osutamise tegevusluba<\/li>\n<li>Finantseerimisasutuse tegevusluba<\/li>\n<li>Usaldusfondide ja \u00e4ri\u00fchingute teenuse osutamise tegevusluba<\/li>\n<li>V\u00e4\u00e4rismetalli, v\u00e4\u00e4rismetalltoodete v\u00f5i v\u00e4\u00e4riskivide kokkuost v\u00f5i hulgim\u00fc\u00fck<\/li>\n<li>Pandimajateenuse osutamise tegevusluba<\/li>\n<\/ul>\n<h2><strong>Muud litsentsid, tegevusload ja taotlused<\/strong><\/h2>\n<p>Kui teid huvitab litsentsi v\u00f5i tegevusluba saamine v\u00f5i taotluse esitamine tegevusvaldkondades, mis on seotud kr\u00fcptoraha v\u00f5i muude virtuaalv\u00e4\u00e4ringute vahetamise v\u00f5i hoiustamisega, aga ka litsentsi saamine ehituse, kaubavedude, t\u00f6\u00f6j\u00f5urendi v\u00f5i muudes valdkondades, palume teil v\u00f5tta \u00fchendust meie spetsialistidega, et leppida kokku esmane konsultatsioon ja r\u00e4\u00e4kida l\u00e4bi edasise koost\u00f6\u00f6 tingimused.<\/p>\n<h2><strong>V\u00f5tke meiega \u00fchendust<\/strong><\/h2>\n<p>Juhul, kui teil on k\u00fcsimusi v\u00f5i olete huvitatud litsentsi saamisest, v\u00f5tke meiega \u00fchendust kasutades j\u00e4rgmisi sidekanaleid:<\/p>\n<p><strong>\u0422\u0435\u043b\u0435\u0444\u043e\u043d: +372 6775544<br \/>\nE-mail: <a href=\"mailto:klienditugi@kalashnikov.ee\">klienditugi@kalashnikov.ee<\/a><br \/>\nSkype: kalashnikov.ee<br \/>\nViber|WhatsApp|Telegram: +372 82088888<\/strong><\/p>\n<p>Me vastame r\u00f5\u00f5muga teie k\u00fcsimustele ja pakume kvaliteetset juriidilist toetust soovitud litsentsi v\u00f5i tegevusloa saamisel Eestis.<br \/>\n<\/p>\n<p><\/p>","protected":false},"excerpt":{"rendered":"<p>Vastavalt Eesti Vabariigis kehtivale seadusandlusele eeldavad teatud liiki \u00e4ritegevused eelnevat registreerimist majandustegevuse registris v\u00f5i vastava j\u00e4relevalveasutuse litsentsi v\u00f5i tegevusloa saamist&#8230;.<\/p>\n","protected":false},"author":1,"featured_media":0,"parent":0,"menu_order":0,"comment_status":"open","ping_status":"closed","template":"page-inturist.php","meta":{"_acf_changed":false,"footnotes":""},"class_list":["post-39","page","type-page","status-publish","hentry"],"acf":[],"_links":{"self":[{"href":"https:\/\/www.kalashnikov.ee\/ee\/wp-json\/wp\/v2\/pages\/39","targetHints":{"allow":["GET"]}}],"collection":[{"href":"https:\/\/www.kalashnikov.ee\/ee\/wp-json\/wp\/v2\/pages"}],"about":[{"href":"https:\/\/www.kalashnikov.ee\/ee\/wp-json\/wp\/v2\/types\/page"}],"author":[{"embeddable":true,"href":"https:\/\/www.kalashnikov.ee\/ee\/wp-json\/wp\/v2\/users\/1"}],"replies":[{"embeddable":true,"href":"https:\/\/www.kalashnikov.ee\/ee\/wp-json\/wp\/v2\/comments?post=39"}],"version-history":[{"count":134,"href":"https:\/\/www.kalashnikov.ee\/ee\/wp-json\/wp\/v2\/pages\/39\/revisions"}],"predecessor-version":[{"id":4753,"href":"https:\/\/www.kalashnikov.ee\/ee\/wp-json\/wp\/v2\/pages\/39\/revisions\/4753"}],"wp:attachment":[{"href":"https:\/\/www.kalashnikov.ee\/ee\/wp-json\/wp\/v2\/media?parent=39"}],"curies":[{"name":"wp","href":"https:\/\/api.w.org\/{rel}","templated":true}]}}