{"id":3592,"date":"2018-10-09T10:51:22","date_gmt":"2018-10-09T07:51:22","guid":{"rendered":"http:\/\/www.kalashnikov.ee\/?page_id=3592"},"modified":"2021-04-03T20:28:09","modified_gmt":"2021-04-03T17:28:09","slug":"l-1","status":"publish","type":"page","link":"https:\/\/www.kalashnikov.ee\/ee\/litsentsid\/kruptovaluuta","title":{"rendered":"Kr\u00fcptoraha litsents"},"content":{"rendered":"<p><\/p>\n<p><\/p>\n<h2><strong>Virtuaalv\u00e4\u00e4ringute ning kr\u00fcptoraha vahetuse reguleerimise seadus<\/strong><\/h2>\n<p>Eesti Vaabriigi \u00f5igusruumis on ettev\u00f5tjatel v\u00f5imalik pakkuda oma klientidele ja partneritele teenuseid, mis on seotud kr\u00fcptoraha, tokenite ja teiste kr\u00fcptoaktiivide ja virtuaalv\u00e4\u00e4ringute vahetamisega raha vastu, nii oma ettev\u00f5tte esinduses, kui ka \u00fclemaailmselt kasutades informatsiooni, rahavahendite, kr\u00fcptoraha ja virtuaalv\u00e4\u00e4ringute edastamiseks sobivaid e-kanaleid.<\/p>\n<ul>\n<li>Virtuaalv\u00e4\u00e4ring (ingl. k virtual currency) \u2014 digitaalsel kujul esitatud v\u00e4\u00e4rtus, mis on digitaalselt \u00fclekantav, s\u00e4ilitatav v\u00f5i kaubeldav ja mida f\u00fc\u00fcsilised v\u00f5i juriidilised isikud aktsepteerivad maksevahendina, kuid mis ei ole \u00fchegi riigi seaduslik maksevahend ega rahaline vahend. Sellest tulenevalt kuulub kr\u00fcptoraha ja selle tuletised, ka tokenid, virtuaalv\u00e4\u00e4ringu m\u00e4\u00e4ratluse alla.<\/li>\n<\/ul>\n<p>Eesti Vabariigi seadusandlus n\u00e4eb ette, et ettev\u00f5tjad, kes tegelevad kr\u00fcptoraha vahetamisega raha vastu, on kohustatud j\u00e4rgima rahapesu ja terrorismi finantseerimise t\u00f5kestamise meetmeid (k.a AML\/KYC protseduurid) ja taotlema virtuaalv\u00e4\u00e4rtuste rahakoti teenuspakkuja riikliku tegevusluba (ingl. k provider of a service of exchanging a virtual currency against a fiat currency v\u00f5i cryptocurrency license).<\/p>\n<h2><strong>Kr\u00fcptoraha tegevusluba (kr\u00fcpto-litsents)<\/strong><\/h2>\n<ul>\n<li>Reguleeriv asutus: Rahapesu andmeb\u00fcroo<\/li>\n<li>\u00d5iguslik baas: Rahapesu ja terrorismi rahastamise t\u00f5kestamise seadus<\/li>\n<li>Taotluse l\u00e4bivaatamise aeg: kuni 30 t\u00f6\u00f6p\u00e4eva<\/li>\n<\/ul>\n<h2><strong>Virtuaalv\u00e4\u00e4ringute (kr\u00fcptoraha) tegevusluba alusel on v\u00f5imalik:<\/strong><\/h2>\n<ul>\n<li>Vahetada kr\u00fcptoraha raha vastu;<\/li>\n<li>Vahetada raha kr\u00fcptoraha vastu;<\/li>\n<li>Vahetada kr\u00fcptoraha kr\u00fcptoraha vastu;<\/li>\n<\/ul>\n<h2><strong>Kr\u00fcptoraha ja virtuaalv\u00e4\u00e4ringute vahetuse teenuse tegevusloa saamine<\/strong><\/h2>\n<p>Kr\u00fcptoraha ja virtuaalv\u00e4\u00e4ringute vahetuse teenuse pakkumiseks vajaliku tegevusloa taotluse esitamine ja tegevusloa saamine on seadusega kehtestatud protseduur, mis n\u00f5uab t\u00e4helepanelikkust ja teatud \u00f5igusaktidest tulenevate protseduuriliste ja materiaalsete reeglite j\u00e4rgimist. <\/p>\n<p>Meie b\u00fcroo juristid osutavad kr\u00fcptoraha ja virtuaalv\u00e4\u00e4ringute vahetuse teenuse pakkumiseks vajaliku tegvusloa saamisel ja taotlemisel igak\u00fclgset juriidilist toetust, konsulteerivad taotlejale ja tema \u00e4ritegevusele seadusandlusega rakendatud n\u00f5udmistes, mh valmistavad ette ning esitavad Rahapesu andmeb\u00fcroo l\u00e4bivaatamisele vastava tegevusloa taotluse.<\/p>\n<h2><strong>V\u00f5tke meiega \u00fchendust<\/strong><\/h2>\n<p>Juhul, kui teil on k\u00fcsimusi v\u00f5i olete huvitatud kr\u00fcptoraha ja virtuaalv\u00e4\u00e4ringute vahetuse teenuse pakkumiseks vajaliku tegevusloa saamisest, v\u00f5tke meiega \u00fchendust kasutades j\u00e4rgmisi sidekanaleid:<\/p>\n<p><b>Telefoninumber: +372 6775544<\/b>,<br \/>\nE-posti aadress: <a href=\"mailto:klienditugi@kalashnikov.ee\">klienditugi@kalashnikov.ee<\/a><br \/>\nSkype: kalashnikov.ee<br \/>\nMobiiltelefon \/ Viber \/ WhatsApp \/ Telegram: +372 82088888<\/p>\n<p>R\u00f5\u00f5muga vastame teie k\u00fcsimustele ja pakume kvaliteetset juriidilist toetust kr\u00fcptorahavahetuse (v\u00f5i muude virtuaalv\u00e4\u00e4ringute) teenuse pakkumiseks vajaliku tegevusluba saamiseks.<br \/>\n<\/p>\n<p><\/p>","protected":false},"excerpt":{"rendered":"<p>Virtuaalv\u00e4\u00e4ringute ning kr\u00fcptoraha vahetuse reguleerimise seadus Eesti Vaabriigi \u00f5igusruumis on ettev\u00f5tjatel v\u00f5imalik pakkuda oma klientidele ja partneritele teenuseid, mis on&#8230;<\/p>\n","protected":false},"author":7,"featured_media":0,"parent":39,"menu_order":0,"comment_status":"closed","ping_status":"closed","template":"page-companies.php","meta":{"_acf_changed":false,"footnotes":""},"class_list":["post-3592","page","type-page","status-publish","hentry"],"acf":[],"_links":{"self":[{"href":"https:\/\/www.kalashnikov.ee\/ee\/wp-json\/wp\/v2\/pages\/3592","targetHints":{"allow":["GET"]}}],"collection":[{"href":"https:\/\/www.kalashnikov.ee\/ee\/wp-json\/wp\/v2\/pages"}],"about":[{"href":"https:\/\/www.kalashnikov.ee\/ee\/wp-json\/wp\/v2\/types\/page"}],"author":[{"embeddable":true,"href":"https:\/\/www.kalashnikov.ee\/ee\/wp-json\/wp\/v2\/users\/7"}],"replies":[{"embeddable":true,"href":"https:\/\/www.kalashnikov.ee\/ee\/wp-json\/wp\/v2\/comments?post=3592"}],"version-history":[{"count":131,"href":"https:\/\/www.kalashnikov.ee\/ee\/wp-json\/wp\/v2\/pages\/3592\/revisions"}],"predecessor-version":[{"id":5097,"href":"https:\/\/www.kalashnikov.ee\/ee\/wp-json\/wp\/v2\/pages\/3592\/revisions\/5097"}],"up":[{"embeddable":true,"href":"https:\/\/www.kalashnikov.ee\/ee\/wp-json\/wp\/v2\/pages\/39"}],"wp:attachment":[{"href":"https:\/\/www.kalashnikov.ee\/ee\/wp-json\/wp\/v2\/media?parent=3592"}],"curies":[{"name":"wp","href":"https:\/\/api.w.org\/{rel}","templated":true}]}}