{"id":306,"date":"2014-12-20T21:30:22","date_gmt":"2014-12-20T17:30:22","guid":{"rendered":"http:\/\/www.websolution.ee\/kalashnikov2\/?page_id=306"},"modified":"2019-03-01T17:33:29","modified_gmt":"2019-03-01T15:33:29","slug":"public-law","status":"publish","type":"page","link":"https:\/\/www.kalashnikov.ee\/ee\/oigusburoo\/riigi-ja-haldusoigus","title":{"rendered":"Riigi- ja haldus\u00f5igus"},"content":{"rendered":"<p><strong>Kalashnikov \u00d5igusb\u00fcroo<\/strong> pakub teile alati kiireid, k\u00f5rgetasemeliseid ja kvaliteetseid <span class=\"st\">juriidilisi teenuseid<\/span> k\u00f5ikides riigi- ja haldus\u00f5igusega seotud asjades.<\/p>\n<p>Meie spetsialistid aitavad teid ning osutavad teile k\u00f5iki vajalikke \u00f5igusalaseid ja organisatsioonilisi teenuseid j\u00e4rgmistes k\u00fcsimustes:<\/p>\n<ul>\n<li>Avalik \u00f5igus, riigi\u00f5igus, haldus\u00f5igus<\/li>\n<li>Maksu- ja finants\u00f5igus eraisikutele<\/li>\n<li>Rahvastiku- ja migratsiooni\u00f5igus, kodakondsus ja elamisluba<\/li>\n<li>V\u00e4\u00e4rteod, trahvid ja karistused<\/li>\n<li>Asjaajamine riigi- v\u00f5i munitsipaalasutustega<\/li>\n<li>Kodaniku \u00f5igused ja kohustused, <span class=\"st\">p\u00f5hiseaduslikud \u00f5igused, inim\u00f5igused<\/span><\/li>\n<li><span class=\"st\">Rahvusvaheline avalik \u00f5igus<\/span><\/li>\n<\/ul>\n<p><strong>NB! \u00d5igusalased konsultatsioonid riigi- ja\u00a0<span class=\"st\">haldus\u00f5iguslikes<\/span>\u00a0 k\u00fcsimustes toimuvad ainult eelneval kokkuleppel Kalashnikov \u00d5igusb\u00fcroo kontoris ning telefoni v\u00f5i e-posti teel.<\/strong><\/p>\n<p>Kalashnikov \u00d5igusb\u00fcroo pakub oma klientidele alati kiiret ja kvaliteetset \u00f5igusalast n\u00f5ustamist ja juriidilist tuge ning abi riigi- ja haldus\u00f5igust puudutavates k\u00fcsimuses.<\/p>\n<p><strong>Konsultatsiooni aja broneerimiseks palume Teil t\u00e4ita vastav\u00a0<a href=\"http:\/\/www.kalashnikov.ee\/yuridicheskoye-byuro\/zapis-na-priyom\">registreerimisvorm<\/a> meie kodulehel, helistada telefonil 677 55 44 v\u00f5i kirjutada s\u00f5num e-posti aadressile klienditugi@kalashnikov.ee<\/strong><\/p>\n<p><\/p>","protected":false},"excerpt":{"rendered":"<p>Kalashnikov \u00d5igusb\u00fcroo pakub teile alati kiireid, k\u00f5rgetasemeliseid ja kvaliteetseid juriidilisi teenuseid k\u00f5ikides riigi- ja haldus\u00f5igusega seotud asjades. Meie spetsialistid aitavad&#8230;<\/p>\n","protected":false},"author":3,"featured_media":0,"parent":10,"menu_order":0,"comment_status":"open","ping_status":"closed","template":"page-services.php","meta":{"_acf_changed":false,"footnotes":""},"class_list":["post-306","page","type-page","status-publish","hentry"],"acf":[],"_links":{"self":[{"href":"https:\/\/www.kalashnikov.ee\/ee\/wp-json\/wp\/v2\/pages\/306","targetHints":{"allow":["GET"]}}],"collection":[{"href":"https:\/\/www.kalashnikov.ee\/ee\/wp-json\/wp\/v2\/pages"}],"about":[{"href":"https:\/\/www.kalashnikov.ee\/ee\/wp-json\/wp\/v2\/types\/page"}],"author":[{"embeddable":true,"href":"https:\/\/www.kalashnikov.ee\/ee\/wp-json\/wp\/v2\/users\/3"}],"replies":[{"embeddable":true,"href":"https:\/\/www.kalashnikov.ee\/ee\/wp-json\/wp\/v2\/comments?post=306"}],"version-history":[{"count":48,"href":"https:\/\/www.kalashnikov.ee\/ee\/wp-json\/wp\/v2\/pages\/306\/revisions"}],"predecessor-version":[{"id":4359,"href":"https:\/\/www.kalashnikov.ee\/ee\/wp-json\/wp\/v2\/pages\/306\/revisions\/4359"}],"up":[{"embeddable":true,"href":"https:\/\/www.kalashnikov.ee\/ee\/wp-json\/wp\/v2\/pages\/10"}],"wp:attachment":[{"href":"https:\/\/www.kalashnikov.ee\/ee\/wp-json\/wp\/v2\/media?parent=306"}],"curies":[{"name":"wp","href":"https:\/\/api.w.org\/{rel}","templated":true}]}}