{"id":288,"date":"2014-12-20T15:42:31","date_gmt":"2014-12-20T11:42:31","guid":{"rendered":"http:\/\/www.websolution.ee\/kalashnikov2\/?page_id=288"},"modified":"2024-01-09T15:39:07","modified_gmt":"2024-01-09T13:39:07","slug":"family-law","status":"publish","type":"page","link":"https:\/\/www.kalashnikov.ee\/ee\/oigusburoo\/teenused\/perekonnaoigus","title":{"rendered":"Perekonna\u00f5igus"},"content":{"rendered":"<p><strong>Kalashnikov \u00d5igusb\u00fcroo<\/strong> pakub teile alati kiireid, k\u00f5rgetasemeliseid ja kvaliteetseid <span class=\"st\">juriidilisi teenuseid<\/span> k\u00f5ikides perekonna\u00f5igusega seotud asjades.<\/p>\n<p><strong>\u00d5igusalasene konsultatsioon perekonna\u00f5iguslikes k\u00fcsimustes<\/strong> <strong>&#8211; 70 eur\/tund<\/strong><\/p>\n<p><span class=\"st\">Perekonna\u00f5igusega on reguleeritud abielu, p\u00f5lvnemise ning eestkostega seonduvad suhted ning nendest tulenevad \u00f5igused ja kohustused.<\/span><\/p>\n<p>Meie spetsialistid aitavad teid ning osutavad teile k\u00f5iki vajalikke \u00f5igusalaseid ja organisatsioonilisi teenuseid j\u00e4rgmistes k\u00fcsimustes:<\/p>\n<ul>\n<li>Abielu lahutamine, abielu kehtetuks tunnistamine<\/li>\n<li>Elatise sissen\u00f5udmine, vaidlustamine, suurendamine ja indekseerimine<\/li>\n<li>Abieluvara lepingute koostamine, testamentide koostamine<\/li>\n<li>\u00dchis- ja abieluvara jagamine<\/li>\n<li>P\u00e4rimis\u00f5igus ja p\u00e4randvara jagamine<\/li>\n<li>Vanema \u00f5igused ja kohustused, eestkoste ja \u00fclalpidamiskohustused<\/li>\n<li>Isaduse vaidlustamine ja omaksv\u00f5tt, p\u00f5lvnemise kindlakstegemine<\/li>\n<\/ul>\n<p><strong>\u00d5igusalase n\u00f5ustamise v\u00f5i vastava dokumentatsiooni koostamise <span class=\"st\">hinnad kujunevad j\u00e4rgmiselt<\/span>:<\/strong><\/p>\n\n<table id=\"tablepress-34\" class=\"tablepress tablepress-id-34\">\n<thead>\n<tr class=\"row-1\">\n\t<th class=\"column-1\">Teenus<\/th><th class=\"column-2\">Hind<\/th>\n<\/tr>\n<\/thead>\n<tbody class=\"row-striping row-hover\">\n<tr class=\"row-2\">\n\t<td class=\"column-1\"><strong>\u00d5igusalane n\u00f5ustamine perekonna asjades<\/strong><\/td><td class=\"column-2\"><strong>70 eur \/ tund<\/strong><\/td>\n<\/tr>\n<tr class=\"row-3\">\n\t<td class=\"column-1\">Elatisn\u00f5ude esitamine ja elatise v\u00e4ljam\u00f5istmine<\/td><td class=\"column-2\">al. 200 eur<\/td>\n<\/tr>\n<tr class=\"row-4\">\n\t<td class=\"column-1\">Abielu lahutamine<\/td><td class=\"column-2\">al. 200 eur<\/td>\n<\/tr>\n<tr class=\"row-5\">\n\t<td class=\"column-1\">\u00dchisvara jagamine<\/td><td class=\"column-2\">al. 300 eur<\/td>\n<\/tr>\n<tr class=\"row-6\">\n\t<td class=\"column-1\">Lapsega suhtlemiskorra ja lapse elukoha kindlaskm\u00e4\u00e4ramine<\/td><td class=\"column-2\">al. 300 eur<\/td>\n<\/tr>\n<tr class=\"row-7\">\n\t<td class=\"column-1\">Vanemate hooldus\u00f5iguste piiramine v\u00f5i taastamine<\/td><td class=\"column-2\">al. 300 eur<\/td>\n<\/tr>\n<tr class=\"row-8\">\n\t<td class=\"column-1\">Eestkoste m\u00e4\u00e4ramine<\/td><td class=\"column-2\">al. 200 eur<\/td>\n<\/tr>\n<tr class=\"row-9\">\n\t<td class=\"column-1\">P\u00f5lvnemise tuvastamine v\u00f5i isaduse vaidlustamine<\/td><td class=\"column-2\">al. 300 eur<\/td>\n<\/tr>\n<tr class=\"row-10\">\n\t<td class=\"column-1\">Abieluvara lepingu koostamine ja t\u00f5estamine<\/td><td class=\"column-2\">al. 200 eur<\/td>\n<\/tr>\n<tr class=\"row-11\">\n\t<td class=\"column-1\">Kliendi huvide esindamine kohtus<\/td><td class=\"column-2\">al. 200 eur<\/td>\n<\/tr>\n<\/tbody>\n<\/table>\n\n<ul style=\"font-size: 12px; margin-left: 0;\">\n<li>Juriidilise konsultatsiooni miinimumhind on 70 eurot.<\/li>\n<\/ul>\n<p><strong>NB! \u00d5igusalased konsultatsioonid perekonna\u00f5iguslikes k\u00fcsimustes toimuvad ainult eelneval kokkuleppel Kalashnikov \u00d5igusb\u00fcroo kontoris ning telefoni v\u00f5i e-posti teel.<\/strong><\/p>\n<p>Kalashnikov \u00d5igusb\u00fcroo pakub oma klientidele alati kiiret ja kvaliteetset \u00f5igusalast n\u00f5ustamist ja juriidilist tuge ning abi perekonna\u00f5igust puudutavates k\u00fcsimuses.<\/p>\n<p><strong>Konsultatsiooni aja broneerimiseks palume Teil t\u00e4ita vastav <a href=\"http:\/\/www.kalashnikov.ee\/yuridicheskoye-byuro\/zapis-na-priyom\">registreerimisvorm<\/a> meie kodulehel, helistada telefonil 677 55 44 v\u00f5i kirjutada s\u00f5num e-posti aadressile klienditugi@kalashnikov.ee<\/strong><\/p>\n<p><\/p>","protected":false},"excerpt":{"rendered":"<p>Kalashnikov \u00d5igusb\u00fcroo pakub teile alati kiireid, k\u00f5rgetasemeliseid ja kvaliteetseid juriidilisi teenuseid k\u00f5ikides perekonna\u00f5igusega seotud asjades. \u00d5igusalasene konsultatsioon perekonna\u00f5iguslikes k\u00fcsimustes &#8211;&#8230;<\/p>\n","protected":false},"author":3,"featured_media":0,"parent":14,"menu_order":0,"comment_status":"open","ping_status":"closed","template":"page-services.php","meta":{"_acf_changed":false,"footnotes":""},"class_list":["post-288","page","type-page","status-publish","hentry"],"acf":[],"_links":{"self":[{"href":"https:\/\/www.kalashnikov.ee\/ee\/wp-json\/wp\/v2\/pages\/288","targetHints":{"allow":["GET"]}}],"collection":[{"href":"https:\/\/www.kalashnikov.ee\/ee\/wp-json\/wp\/v2\/pages"}],"about":[{"href":"https:\/\/www.kalashnikov.ee\/ee\/wp-json\/wp\/v2\/types\/page"}],"author":[{"embeddable":true,"href":"https:\/\/www.kalashnikov.ee\/ee\/wp-json\/wp\/v2\/users\/3"}],"replies":[{"embeddable":true,"href":"https:\/\/www.kalashnikov.ee\/ee\/wp-json\/wp\/v2\/comments?post=288"}],"version-history":[{"count":105,"href":"https:\/\/www.kalashnikov.ee\/ee\/wp-json\/wp\/v2\/pages\/288\/revisions"}],"predecessor-version":[{"id":5759,"href":"https:\/\/www.kalashnikov.ee\/ee\/wp-json\/wp\/v2\/pages\/288\/revisions\/5759"}],"up":[{"embeddable":true,"href":"https:\/\/www.kalashnikov.ee\/ee\/wp-json\/wp\/v2\/pages\/14"}],"wp:attachment":[{"href":"https:\/\/www.kalashnikov.ee\/ee\/wp-json\/wp\/v2\/media?parent=288"}],"curies":[{"name":"wp","href":"https:\/\/api.w.org\/{rel}","templated":true}]}}