{"id":2451,"date":"2016-04-23T00:05:34","date_gmt":"2016-04-22T21:05:34","guid":{"rendered":"http:\/\/www.kalashnikov.ee\/?page_id=2451"},"modified":"2019-03-01T13:00:37","modified_gmt":"2019-03-01T11:00:37","slug":"ugolovnoe-pravo","status":"publish","type":"page","link":"https:\/\/www.kalashnikov.ee\/ee\/oigusburoo\/teenused\/karistusoigus-ja-vaarteomenetlus","title":{"rendered":"Karistus\u00f5igus ja v\u00e4\u00e4rteomenetlus"},"content":{"rendered":"<p>Kalashnikov \u00d5igusb\u00fcroo pakub oma klientidele alati kiiret ja kvaliteetset \u00f5igusalast n\u00f5ustamist ja juriidilist tuge.<\/p>\n<p><strong>Konsultatsiooni aja broneerimiseks palume Teil t\u00e4ita vastav <a href=\"http:\/\/www.kalashnikov.ee\/yuridicheskoye-byuro\/zapis-na-priyom\">registreerimisvorm<\/a> meie kodulehel, helistada telefonil 677 55 44 v\u00f5i kirjutada s\u00f5num e-posti aadressile klienditugi@kalashnikov.ee<\/strong><\/p>\n<p><\/p>","protected":false},"excerpt":{"rendered":"<p>Kalashnikov \u00d5igusb\u00fcroo pakub oma klientidele alati kiiret ja kvaliteetset \u00f5igusalast n\u00f5ustamist ja juriidilist tuge. Konsultatsiooni aja broneerimiseks palume Teil t\u00e4ita&#8230;<\/p>\n","protected":false},"author":3,"featured_media":0,"parent":14,"menu_order":0,"comment_status":"closed","ping_status":"closed","template":"page-services.php","meta":{"_acf_changed":false,"footnotes":""},"class_list":["post-2451","page","type-page","status-publish","hentry"],"acf":[],"_links":{"self":[{"href":"https:\/\/www.kalashnikov.ee\/ee\/wp-json\/wp\/v2\/pages\/2451","targetHints":{"allow":["GET"]}}],"collection":[{"href":"https:\/\/www.kalashnikov.ee\/ee\/wp-json\/wp\/v2\/pages"}],"about":[{"href":"https:\/\/www.kalashnikov.ee\/ee\/wp-json\/wp\/v2\/types\/page"}],"author":[{"embeddable":true,"href":"https:\/\/www.kalashnikov.ee\/ee\/wp-json\/wp\/v2\/users\/3"}],"replies":[{"embeddable":true,"href":"https:\/\/www.kalashnikov.ee\/ee\/wp-json\/wp\/v2\/comments?post=2451"}],"version-history":[{"count":35,"href":"https:\/\/www.kalashnikov.ee\/ee\/wp-json\/wp\/v2\/pages\/2451\/revisions"}],"predecessor-version":[{"id":4345,"href":"https:\/\/www.kalashnikov.ee\/ee\/wp-json\/wp\/v2\/pages\/2451\/revisions\/4345"}],"up":[{"embeddable":true,"href":"https:\/\/www.kalashnikov.ee\/ee\/wp-json\/wp\/v2\/pages\/14"}],"wp:attachment":[{"href":"https:\/\/www.kalashnikov.ee\/ee\/wp-json\/wp\/v2\/media?parent=2451"}],"curies":[{"name":"wp","href":"https:\/\/api.w.org\/{rel}","templated":true}]}}