{"id":211,"date":"2014-12-18T20:43:29","date_gmt":"2014-12-18T16:43:29","guid":{"rendered":"http:\/\/www.websolution.ee\/kalashnikov2\/?page_id=211"},"modified":"2019-03-01T17:25:43","modified_gmt":"2019-03-01T15:25:43","slug":"translate","status":"publish","type":"page","link":"https:\/\/www.kalashnikov.ee\/ee\/oigusburoo\/teenused\/juriidiline-tolge","title":{"rendered":"Juriidiline t\u00f5lge"},"content":{"rendered":"<p>Kalashnikov \u00d5igusb\u00fcroo pakub oma klientidele mistahes raskusastmega juriidiliste dokumentide t\u00f5lkimise ja kinnitamise teenust.<\/p>\n<p><strong>Pakume klientidele j\u00e4rgmisi t\u00f5lketeenuseid: <\/strong><\/p>\n<ul>\n<li>kinnitamist mittevajavate juriidiliste dokumentide t\u00f5lked<\/li>\n<li>t\u00f5lkeb\u00fcroo templiga t\u00f5lked<\/li>\n<li>notari\/vandet\u00f5lgi kinnitusega t\u00f5lked<\/li>\n<\/ul>\n<p>P\u00f5hilised t\u00f5lkekeeled: eesti, vene, inglise, soome ja saksa keel.<\/p>\n<p><strong>T\u00f5lketeenuste baashinnad:<\/strong><\/p>\n\n<table id=\"tablepress-17\" class=\"tablepress tablepress-id-17\">\n<thead>\n<tr class=\"row-1\">\n\t<th class=\"column-1\">Teenus<\/th><th class=\"column-2\">Maht<\/th><th class=\"column-3\">Hind<\/th>\n<\/tr>\n<\/thead>\n<tbody class=\"row-striping row-hover\">\n<tr class=\"row-2\">\n\t<td class=\"column-1\">Dokumendi t\u00f5lge<\/td><td class=\"column-2\">1 lehek\u00fclg kuni 900 \/ 1800 t\u00e4htem\u00e4rke<\/td><td class=\"column-3\">15 eur \/ 18 eur<\/td>\n<\/tr>\n<tr class=\"row-3\">\n\t<td class=\"column-1\">T\u00f5lkeb\u00fcroo kinnitusega t\u00f5lge<\/td><td class=\"column-2\">1 lehek\u00fclg kuni 900 \/ 1800 t\u00e4htem\u00e4rke<\/td><td class=\"column-3\">22 eur \/ 25 eur <\/td>\n<\/tr>\n<tr class=\"row-4\">\n\t<td class=\"column-1\">Notari kinnitusega t\u00f5lge<\/td><td class=\"column-2\">1 lehek\u00fclg kuni 900 \/ 1800 t\u00e4htem\u00e4rke<\/td><td class=\"column-3\">45 eur \/ 55 eur<\/td>\n<\/tr>\n<\/tbody>\n<\/table>\n<!-- #tablepress-17 from cache -->\n<ul>\n<li>Hinnad ei sisalda k\u00e4ibemaksu 20%<\/li>\n<li>Tellimuse t\u00e4itmise t\u00e4htaeg on 1-5 t\u00f6\u00f6p\u00e4eva<\/li>\n<\/ul>\n<p><strong>Kalashnikov \u00d5igusb\u00fcroo<\/strong> pakub oma klientidele alati kiiret ja kvaliteetset t\u00f5lketeenust, mis on seotud erinevate raskusastmega \u00f5igusalate dokumentide k\u00e4sitlemisega.<\/p>\n<p><strong>T\u00f5lketeenuste tellimiseks palume Teil t\u00e4ita vastav <a href=\"http:\/\/www.kalashnikov.ee\/yuridicheskoye-byuro\/zapis-na-priyom\">tagasisidevorm<\/a> meie kodulehel, helistada telefonil 677 55 44 v\u00f5i kirjutada s\u00f5num e-posti aadressile klienditugi@kalashnikov.ee<\/strong><\/p>\n<p><\/p>","protected":false},"excerpt":{"rendered":"<p>Kalashnikov \u00d5igusb\u00fcroo pakub oma klientidele mistahes raskusastmega juriidiliste dokumentide t\u00f5lkimise ja kinnitamise teenust. Pakume klientidele j\u00e4rgmisi t\u00f5lketeenuseid: kinnitamist mittevajavate juriidiliste&#8230;<\/p>\n","protected":false},"author":1,"featured_media":0,"parent":14,"menu_order":0,"comment_status":"open","ping_status":"closed","template":"page-services.php","meta":{"_acf_changed":false,"footnotes":""},"class_list":["post-211","page","type-page","status-publish","hentry"],"acf":[],"_links":{"self":[{"href":"https:\/\/www.kalashnikov.ee\/ee\/wp-json\/wp\/v2\/pages\/211","targetHints":{"allow":["GET"]}}],"collection":[{"href":"https:\/\/www.kalashnikov.ee\/ee\/wp-json\/wp\/v2\/pages"}],"about":[{"href":"https:\/\/www.kalashnikov.ee\/ee\/wp-json\/wp\/v2\/types\/page"}],"author":[{"embeddable":true,"href":"https:\/\/www.kalashnikov.ee\/ee\/wp-json\/wp\/v2\/users\/1"}],"replies":[{"embeddable":true,"href":"https:\/\/www.kalashnikov.ee\/ee\/wp-json\/wp\/v2\/comments?post=211"}],"version-history":[{"count":20,"href":"https:\/\/www.kalashnikov.ee\/ee\/wp-json\/wp\/v2\/pages\/211\/revisions"}],"predecessor-version":[{"id":4323,"href":"https:\/\/www.kalashnikov.ee\/ee\/wp-json\/wp\/v2\/pages\/211\/revisions\/4323"}],"up":[{"embeddable":true,"href":"https:\/\/www.kalashnikov.ee\/ee\/wp-json\/wp\/v2\/pages\/14"}],"wp:attachment":[{"href":"https:\/\/www.kalashnikov.ee\/ee\/wp-json\/wp\/v2\/media?parent=211"}],"curies":[{"name":"wp","href":"https:\/\/api.w.org\/{rel}","templated":true}]}}