{"id":207,"date":"2014-12-18T20:42:27","date_gmt":"2014-12-18T16:42:27","guid":{"rendered":"http:\/\/www.websolution.ee\/kalashnikov2\/?page_id=207"},"modified":"2019-03-01T17:24:53","modified_gmt":"2019-03-01T15:24:53","slug":"transport","status":"publish","type":"page","link":"https:\/\/www.kalashnikov.ee\/ee\/oigusburoo\/teenused\/soidukid-ja-liiklus","title":{"rendered":"S\u00f5idukid ja liiklus"},"content":{"rendered":"<p><strong>Meie \u00f5igusb\u00fcroo spetsialiseerub muuhulgas \u00f5igusabi ja konsultatsioonide pakkumisel eraisikutele ja \u00e4riklientidele liikluse ja liikluskindlustuse valdkonnas.<\/strong><\/p>\n<p><strong>\u00d5igusabi s\u00f5iduki ostu-m\u00fc\u00fcgi tehingute sooritamisel<\/strong><br \/>\nMeie spetsialistid valmistavad ette k\u00f5ik s\u00f5iduki ostu-m\u00fc\u00fcgi tehingu sooritamiseks vajalikud dokumendid ja pakuvad juriidilist tuge tehingu sooritamisel koosk\u00f5las Eesti Vabariigi ja Euroopa Liidu seadustega.Osutame teenuseid juriidilisest ja eraisikust Eesti Vabariigi ja Euroopa Liidu residentidele ja mitteresidentidele.<\/p>\n<p><strong>Abi s\u00f5idukite registreerimisel v\u00f5i arvelev\u00f5tmisel<\/strong><br \/>\nMeie spetsialistid pakuvad \u00f5igusalast ja organisatsioonilist abi ning valmistavad ette k\u00f5ik vajalikud dokumendid s\u00f5iduki registreerimiseks Eesti Vabariigi territooriumil. Osutame teenuseid juriidilisest ja eraisikust Eesti Vabariigi ja Euroopa Liidu residentidele ja mitteresidentidele.<\/p>\n<p><strong>\u00d5igusabi liiklus\u00f5nnetuse osalisele<\/strong><br \/>\nKui Te olete liiklus\u00f5nnetuse osaline, Teid ei rahulda kindlustusfirma v\u00f5i politsei otsus v\u00f5i Te lihtsalt ei tea, kuidas \u00fches v\u00f5i teises olukorras k\u00e4ituda, p\u00f6\u00f6rduge meie poole &#8211; meie spetsialistid aitavad leida v\u00e4ljap\u00e4\u00e4su praktiliselt igast keerukast olukorrast, annavad v\u00e4\u00e4rtuslikku n\u00f5u asjaajamise kohta ja esindavad kokkuleppel Teie huve ka vastavates asutustes.<\/p>\n<p><strong>S\u00f5idulehtede koostamine<\/strong><br \/>\nPakume teenusena s\u00f5idulehtede koostamist ja t\u00e4itmist kliendi esitatud andmete alusel raamatupidamisarvestuse ning aruandluse jaoks Tolli- ja maksuametile. Meie t\u00f6\u00f6tajad t\u00e4idavad kiirelt ja korrektselt k\u00f5ik vajalikud dokumendid ning valmistavad need ette allkirjastamiseks tellijale ja hiljem kuuaruandena esitamiseks.<\/p>\n<p><strong>Abi jahtide ja kaatrite registreerimisel v\u00f5i arvelev\u00f5tmisel<\/strong><br \/>\nMeie spetsialistid abistavad nii eraisikuid kui ettev\u00f5tteid kaatrite, jahtide ja teiste v\u00e4ikelaevade registreerimisel ja arvelev\u00f5tmisel Eesti Vabariigi territooriumil.<\/p>\n<p><strong>Kalashnikov \u00d5igusb\u00fcroo pakub oma klientidele alati kiiret ja kvaliteetset \u00f5igusalast n\u00f5ustamist ja juriidilist tuge s\u00f5idukite kasutamist ja majandamist, liiklust ja liikluskindlustust puudutavates k\u00fcsimuses.<\/strong><\/p>\n<p><strong>Konsultatsiooni aja broneerimiseks palume Teil t\u00e4ita vastav\u00a0<a href=\"http:\/\/www.kalashnikov.ee\/yuridicheskoye-byuro\/zapis-na-priyom\">registreerimisvorm<\/a> meie kodulehel, helistada telefonil 677 55 44 v\u00f5i kirjutada s\u00f5num e-posti aadressile klienditugi@kalashnikov.ee<\/strong><\/p>\n<p><\/p>","protected":false},"excerpt":{"rendered":"<p>Meie \u00f5igusb\u00fcroo spetsialiseerub muuhulgas \u00f5igusabi ja konsultatsioonide pakkumisel eraisikutele ja \u00e4riklientidele liikluse ja liikluskindlustuse valdkonnas. \u00d5igusabi s\u00f5iduki ostu-m\u00fc\u00fcgi tehingute sooritamisel&#8230;<\/p>\n","protected":false},"author":1,"featured_media":0,"parent":14,"menu_order":0,"comment_status":"open","ping_status":"closed","template":"page-services.php","meta":{"_acf_changed":false,"footnotes":""},"class_list":["post-207","page","type-page","status-publish","hentry"],"acf":[],"_links":{"self":[{"href":"https:\/\/www.kalashnikov.ee\/ee\/wp-json\/wp\/v2\/pages\/207","targetHints":{"allow":["GET"]}}],"collection":[{"href":"https:\/\/www.kalashnikov.ee\/ee\/wp-json\/wp\/v2\/pages"}],"about":[{"href":"https:\/\/www.kalashnikov.ee\/ee\/wp-json\/wp\/v2\/types\/page"}],"author":[{"embeddable":true,"href":"https:\/\/www.kalashnikov.ee\/ee\/wp-json\/wp\/v2\/users\/1"}],"replies":[{"embeddable":true,"href":"https:\/\/www.kalashnikov.ee\/ee\/wp-json\/wp\/v2\/comments?post=207"}],"version-history":[{"count":20,"href":"https:\/\/www.kalashnikov.ee\/ee\/wp-json\/wp\/v2\/pages\/207\/revisions"}],"predecessor-version":[{"id":4322,"href":"https:\/\/www.kalashnikov.ee\/ee\/wp-json\/wp\/v2\/pages\/207\/revisions\/4322"}],"up":[{"embeddable":true,"href":"https:\/\/www.kalashnikov.ee\/ee\/wp-json\/wp\/v2\/pages\/14"}],"wp:attachment":[{"href":"https:\/\/www.kalashnikov.ee\/ee\/wp-json\/wp\/v2\/media?parent=207"}],"curies":[{"name":"wp","href":"https:\/\/api.w.org\/{rel}","templated":true}]}}