{"id":201,"date":"2014-12-18T20:40:35","date_gmt":"2014-12-18T16:40:35","guid":{"rendered":"http:\/\/www.websolution.ee\/kalashnikov2\/?page_id=201"},"modified":"2019-04-13T09:13:39","modified_gmt":"2019-04-13T06:13:39","slug":"virtual-office","status":"publish","type":"page","link":"https:\/\/www.kalashnikov.ee\/ee\/oigusburoo\/teenused\/virtuaalkontori-teenused","title":{"rendered":"Virtuaalkontori teenused"},"content":{"rendered":"<p>Kalashnikov \u00d5igusb\u00fcroo pakub oma uutele ja vanadele klientidele virtuaalkontori teenuseid.<\/p>\n<p><strong>Juriidilise- ja \u00e4riaadressi teenuse baaspaketti hind 100 eur \/ aasta<\/strong><\/p>\n<p>Teil ei ole oma kontorit v\u00f5i mingil p\u00f5hjusel ei ole tahtmist v\u00f5i vajadust rentida kalli ja kulukat \u00e4ripinda? Aga k\u00fcll soovite et Teie ettev\u00f5te \/ firma oleks registreeritud reaalses \u00e4rihoones pealinnas? Siis julgelt p\u00f6\u00f6rduge meie juurde!<\/p>\n<p><strong>Virtuaalkontor on ideaalne lahendus just nendele ettev\u00f5tetele, millel f\u00fc\u00fcsiline kohalolek pole t\u00e4htis<\/strong><\/p>\n<p>Mis teenus see on? Teie registreerite oma ettev\u00f5te \/ firma meie juures ja teie uueks juriidiliseks v\u00f5i \u00e4riaadressiks saab &#8211; Peterburi tee 47, 11415 Tallinn, Eesti.<\/p>\n<p>Kogu post ja muu korrespondets, mis laekub teie nimele me saadame \/ edastame e-postiga v\u00f5i mingi muu kokkulepitud posti aadressi peale.<\/p>\n\n<table id=\"tablepress-32\" class=\"tablepress tablepress-id-32\">\n<thead>\n<tr class=\"row-1\">\n\t<th class=\"column-1\">Teenus<\/th><th class=\"column-2\">Aastamakse<\/th>\n<\/tr>\n<\/thead>\n<tbody class=\"row-striping row-hover\">\n<tr class=\"row-2\">\n\t<td class=\"column-1\"><strong>Juriidilise- ja \u00e4riaadressi teenused, saabuva posti t\u00f6\u00f6tlemine ja  edastamine kliendile<\/strong><\/td><td class=\"column-2\"><strong>200 eur<\/strong><\/td>\n<\/tr>\n<tr class=\"row-3\">\n\t<td class=\"column-1\">Mobiiltelefoni number koos k\u00f5nede suunamise v\u00f5imalusega<\/td><td class=\"column-2\">100 eur<\/td>\n<\/tr>\n<tr class=\"row-4\">\n\t<td class=\"column-1\">Faksinumber koos v\u00f5imalusega edastada saabuvad faksid e-postile<\/td><td class=\"column-2\">200 eur<\/td>\n<\/tr>\n<tr class=\"row-5\">\n\t<td class=\"column-1\">Kontaktisiku teenuse osutamine<\/td><td class=\"column-2\">200 eur<\/td>\n<\/tr>\n<tr class=\"row-6\">\n\t<td class=\"column-1\">Sekret\u00e4riteenused<\/td><td class=\"column-2\">kokkuleppel<\/td>\n<\/tr>\n<\/tbody>\n<\/table>\n<!-- #tablepress-32 from cache -->\n<p><strong>Kalashnikov \u00d5igusb\u00fcroo<\/strong> alati pakub oma klientidele kvaliteetset ja asjakohast virtuaalkontori ja juriidilise aadressi teenust.<\/p>\n<p><strong>Huvi v\u00f5i k\u00fcsimuste tekkimise korral julgelt v\u00f5tke meiega \u00fchendust telefonil 677 55 44 v\u00f5i kirjutage s\u00f5num e-posti aadressile klienditugi@kalashnikov.ee<\/strong><\/p>\n<p><\/p>","protected":false},"excerpt":{"rendered":"<p>Kalashnikov \u00d5igusb\u00fcroo pakub oma uutele ja vanadele klientidele virtuaalkontori teenuseid. Juriidilise- ja \u00e4riaadressi teenuse baaspaketti hind 100 eur \/ aasta&#8230;<\/p>\n","protected":false},"author":1,"featured_media":0,"parent":14,"menu_order":0,"comment_status":"open","ping_status":"closed","template":"page-services.php","meta":{"_acf_changed":false,"footnotes":""},"class_list":["post-201","page","type-page","status-publish","hentry"],"acf":[],"_links":{"self":[{"href":"https:\/\/www.kalashnikov.ee\/ee\/wp-json\/wp\/v2\/pages\/201","targetHints":{"allow":["GET"]}}],"collection":[{"href":"https:\/\/www.kalashnikov.ee\/ee\/wp-json\/wp\/v2\/pages"}],"about":[{"href":"https:\/\/www.kalashnikov.ee\/ee\/wp-json\/wp\/v2\/types\/page"}],"author":[{"embeddable":true,"href":"https:\/\/www.kalashnikov.ee\/ee\/wp-json\/wp\/v2\/users\/1"}],"replies":[{"embeddable":true,"href":"https:\/\/www.kalashnikov.ee\/ee\/wp-json\/wp\/v2\/comments?post=201"}],"version-history":[{"count":26,"href":"https:\/\/www.kalashnikov.ee\/ee\/wp-json\/wp\/v2\/pages\/201\/revisions"}],"predecessor-version":[{"id":4511,"href":"https:\/\/www.kalashnikov.ee\/ee\/wp-json\/wp\/v2\/pages\/201\/revisions\/4511"}],"up":[{"embeddable":true,"href":"https:\/\/www.kalashnikov.ee\/ee\/wp-json\/wp\/v2\/pages\/14"}],"wp:attachment":[{"href":"https:\/\/www.kalashnikov.ee\/ee\/wp-json\/wp\/v2\/media?parent=201"}],"curies":[{"name":"wp","href":"https:\/\/api.w.org\/{rel}","templated":true}]}}