{"id":195,"date":"2014-12-18T20:38:45","date_gmt":"2014-12-18T16:38:45","guid":{"rendered":"http:\/\/www.websolution.ee\/kalashnikov2\/?page_id=195"},"modified":"2019-02-28T17:31:42","modified_gmt":"2019-02-28T15:31:42","slug":"business-client","status":"publish","type":"page","link":"https:\/\/www.kalashnikov.ee\/ee\/oigusburoo\/teenused\/teenused-ariklientidele","title":{"rendered":"Teenused \u00e4riklientidele"},"content":{"rendered":"<p>Kalashnikov \u00d5igusb\u00fcroo pakub \u00e4riklientidele k\u00f5iki juriidilistele isikutele vajalikke \u00f5igusalaseid ja organisatsioonilisi teenuseid, sealhulgas abi erineva omandivormiga ettev\u00f5tete loomisel, juhtimisel, \u00fcmberkujundamisel ja likvideerimisel. <\/p>\n<p><strong>Konsultatsioonid \u00e4ri- ja finants\u00f5iguse valdkonnas<\/strong><br \/>\nMeie spetsialistid korraldavad Teile ja Teie partneritele konsultatsiooni ning pakuvad juriidilisi tugiteenuseid, mis puudutavad ettev\u00f5tte juhtimist, maksustamist, intellektuaalse omandi kaitset, lepingulisi ja t\u00f6\u00f6suhteid, krediteerimist, laenude tagasimaksmist jmt.<\/p>\n<p><strong>Lepingute koostamine ja \u00f5iguslik anal\u00fc\u00fcs<\/strong><br \/>\nLeping on v\u00f5la\u00f5iguslike suhete alus, mis s\u00e4testab selle s\u00f5lminud pooltele kindlad subjektiivsed \u00f5igused ja kohustused. Meie juristid koostavad mistahes liiki ja keerukuse astmega lepingu v\u00f5i viivad l\u00e4bi selle juriidilise ekspertiisi, pidades silmas tellija huvisid ja soove.<\/p>\n<p><strong>Kohtuvaidlused ja \u00e4rialaste lahkarvamuste kohtueelne lahendamine<\/strong><br \/>\nMeie \u00f5igusb\u00fcroo pakub oma klientidele juriidilist tuge, samuti konsultatsioone ja vahendusteenust mitmesuguste \u00e4rialaste vaidluste ja lahkarvamuste lahendamisel nii kohtus kui kohtuv\u00e4lisel teel<\/p>\n<p><strong>Ettev\u00f5tete registreerimine ja asutamine Eestis<\/strong><br \/>\nMeie spetsialistid osutavad juriidilisi ja praktilisi tugiteenuseid erineva omandivormiga ettev\u00f5tete registreerimisel Eesti ja Euroopa Liidu residentidele ja mitteresidentidele.<\/p>\n<p><strong>Muudatuste kandmine \u00e4riregistrisse<\/strong><br \/>\nVajadusel teeme \u00e4riregistris Teie ettev\u00f5tte juriidilist aadressi, \u00e4rinime, kontakte, p\u00f5hikirja, aktsion\u00e4ride ja juhatuse liikmete koosseisu, tegevusala v\u00f5i p\u00f5hikapitali suurust puudutavad muudatused.<\/p>\n<p><strong>Ettev\u00f5tte registreerimine k\u00e4ibemaksukohuslasena (VAT)<\/strong><br \/>\nMeie b\u00fcroo spetsialistid pakuvad \u00f5igus- ja raamatupidamisalast abi ettev\u00f5tte registreerimisel k\u00e4ibemaksukohuslaste registris (VAT) s\u00f5ltumata olemasoleva ettev\u00f5tte tegelikust k\u00e4ibest.<\/p>\n<p><strong>Litsentside ja tegevuslubade vormistamine<\/strong><br \/>\nMeie juristid osutavad igak\u00fclgset abi vajaliku litsentsi taotlemiseks vajalike dokumentide koostamisel ja t\u00f6\u00f6tlemisel.<\/p>\n<p><strong>Ettev\u00f5tete likvideerimine ja pankrotimenetlus<\/strong><br \/>\nMeie spetsialistid viivad l\u00e4bi Teie ettev\u00f5tte likvideerimise v\u00f5i algatavad pankrotimenetluse maksimaalse efektiivsuse ja l\u00fchima ajaga.<\/p>\n<p>Kalashnikov \u00d5igusb\u00fcroo osutab Teie ettev\u00f5ttele kvaliteetset \u00f5igusabi. Konsultatsioonile registreerumiseks v\u00f5tke meiega \u00fchendust telefoni v\u00f5i e-posti teel v\u00f5i kasutage vastavat kontaktivormi meie veebilehel.<\/p>\n<p><\/p>","protected":false},"excerpt":{"rendered":"<p>Kalashnikov \u00d5igusb\u00fcroo pakub \u00e4riklientidele k\u00f5iki juriidilistele isikutele vajalikke \u00f5igusalaseid ja organisatsioonilisi teenuseid, sealhulgas abi erineva omandivormiga ettev\u00f5tete loomisel, juhtimisel, \u00fcmberkujundamisel&#8230;<\/p>\n","protected":false},"author":1,"featured_media":0,"parent":14,"menu_order":0,"comment_status":"open","ping_status":"closed","template":"page-services.php","meta":{"_acf_changed":false,"footnotes":""},"class_list":["post-195","page","type-page","status-publish","hentry"],"acf":[],"_links":{"self":[{"href":"https:\/\/www.kalashnikov.ee\/ee\/wp-json\/wp\/v2\/pages\/195","targetHints":{"allow":["GET"]}}],"collection":[{"href":"https:\/\/www.kalashnikov.ee\/ee\/wp-json\/wp\/v2\/pages"}],"about":[{"href":"https:\/\/www.kalashnikov.ee\/ee\/wp-json\/wp\/v2\/types\/page"}],"author":[{"embeddable":true,"href":"https:\/\/www.kalashnikov.ee\/ee\/wp-json\/wp\/v2\/users\/1"}],"replies":[{"embeddable":true,"href":"https:\/\/www.kalashnikov.ee\/ee\/wp-json\/wp\/v2\/comments?post=195"}],"version-history":[{"count":10,"href":"https:\/\/www.kalashnikov.ee\/ee\/wp-json\/wp\/v2\/pages\/195\/revisions"}],"predecessor-version":[{"id":4317,"href":"https:\/\/www.kalashnikov.ee\/ee\/wp-json\/wp\/v2\/pages\/195\/revisions\/4317"}],"up":[{"embeddable":true,"href":"https:\/\/www.kalashnikov.ee\/ee\/wp-json\/wp\/v2\/pages\/14"}],"wp:attachment":[{"href":"https:\/\/www.kalashnikov.ee\/ee\/wp-json\/wp\/v2\/media?parent=195"}],"curies":[{"name":"wp","href":"https:\/\/api.w.org\/{rel}","templated":true}]}}