{"id":193,"date":"2014-12-18T20:30:12","date_gmt":"2014-12-18T16:30:12","guid":{"rendered":"http:\/\/www.websolution.ee\/kalashnikov2\/?page_id=193"},"modified":"2019-02-28T17:26:10","modified_gmt":"2019-02-28T15:26:10","slug":"legal-actions","status":"publish","type":"page","link":"https:\/\/www.kalashnikov.ee\/ee\/oigusburoo\/teenused\/hagiavaldused-ja-muud-juriidilised-dokumendid","title":{"rendered":"Hagiavaldused ja muud \u00f5igusalased dokumendid"},"content":{"rendered":"<p><strong>Kalashnikov \u00d5igusb\u00fcroo<\/strong> spetsialiseerub hagiavalduste koostamisele ja edaspidise juriidilise toe pakkumisele kohtuv\u00e4listes ja -eelsetes ning kohtulikes menetlustes.<\/p>\n<p>Tihti on juriidiliste dokumentide koostamiseks vaja p\u00f5hjalikke \u00f5igusalaseid teadmisi, enamgi veel &#8211; \u00f5iguspraktikas on niisuguste dokumentide koostamisel v\u00e4lja kujunenud kindlad vormid ja stilistika.<\/p>\n<p><strong>Peamiste juriidiliste dokumentidena, mille koostamisega meie b\u00fcroo tegeleb, v\u00f5ib nimetada j\u00e4rgmisi:<\/strong><\/p>\n<ul>\n<li>Hagiavaldused, hagiavalduste vastused, vastuhagid<\/li>\n<li>Mitmesugused p\u00f6\u00f6rdumised, taotlused, ametlikud kirjad<\/li>\n<li>Kaebused, avaldused, pretensioonid<\/li>\n<li>J\u00e4relep\u00e4rimised, mitmesuguste lubade taotlused<\/li>\n<\/ul>\n<p>N\u00e4iteks on pretensioonikirja lugedes juristi &#8220;k\u00e4ekirja&#8221; kerge \u00e4ra tunda. Niisugust kirja, kui see on koostatud juriidiliste kogemusteta isiku poolt, ei pruugi selle saaja t\u00f5siselt v\u00f5tta. Samas v\u00f5ib osav jurist kohtus v\u00e4he lootust andvas asjas koostada niisuguse pretensiooni, millel on vajalik m\u00f5ju ja mis annab Teie probleemi lahendamisel positiivse tulemuse.<\/p>\n<p>Meie b\u00fcrool on v\u00e4\u00e4rtuslikke kogemusi asjaajamisel Eesti Vabariigi riigiasutuste, mitmesuguste firmade, ettev\u00f5tete, mittetulundus\u00fchingute ja eraisikutega k\u00f5ikv\u00f5imalikes kohtuv\u00e4listes, kohtueelsetes ja kohtulikes menetlustes.<\/p>\n<p><strong>Kalashnikov \u00d5igusb\u00fcroo osutab juriidilisi tugiteenuseid suhetes ja asjaajamises j\u00e4rgmiste organisatsioonidega: <\/strong><\/p>\n<ul>\n<li>Kohtud, tarbijakaitseamet, t\u00f6\u00f6inspektsioon<\/li>\n<li>Haigekassa, t\u00f6\u00f6tukassa, politsei- ja piirivalveamet<\/li>\n<li>Erinevad ministeeriumid ja riiklikud asutused<\/li>\n<li>Omavalitsused ja munitsipaalasutused<\/li>\n<li>V\u00e4lisriikide saatkonnad ja konsulaadid<\/li>\n<li>Jae- ja hulgikaubandus ettev\u00f5tted, \u00e4ri\u00fchingud<\/li>\n<li>Garantii- ja remondiservised, korteri\u00fchistud, kindlustusseltsid<\/li>\n<\/ul>\n<p><strong>NB! \u00d5igusalased konsultatsioonid juriidiliste dokumentide koostamises toimuvad ainult eelneval kokkuleppel Kalashnikov \u00d5igusb\u00fcroo kontoris ning telefoni v\u00f5i e-posti teel.<\/strong><\/p>\n<p>Kalashnikov \u00d5igusb\u00fcroo pakub oma klientidele \u00fcksnes kiiret ja kvaliteetset \u00f5igusalast n\u00f5ustamist, abi ja tuge vajalike juriidiliste dokumentide vormistamisel.<\/p>\n<p><strong>Konsultatsiooni aja broneerimiseks palume Teil t\u00e4ita vastav\u00a0<a href=\"http:\/\/www.kalashnikov.ee\/yuridicheskoye-byuro\/zapis-na-priyom\">registreerimisvorm<\/a> meie kodulehel, helistada telefonil 677 55 44 v\u00f5i kirjutada s\u00f5num e-posti aadressile klienditugi@kalashnikov.ee<\/strong><\/p>\n<p><\/p>","protected":false},"excerpt":{"rendered":"<p>Kalashnikov \u00d5igusb\u00fcroo spetsialiseerub hagiavalduste koostamisele ja edaspidise juriidilise toe pakkumisele kohtuv\u00e4listes ja -eelsetes ning kohtulikes menetlustes. Tihti on juriidiliste dokumentide&#8230;<\/p>\n","protected":false},"author":1,"featured_media":0,"parent":14,"menu_order":0,"comment_status":"open","ping_status":"open","template":"page-services.php","meta":{"_acf_changed":false,"footnotes":""},"class_list":["post-193","page","type-page","status-publish","hentry"],"acf":[],"_links":{"self":[{"href":"https:\/\/www.kalashnikov.ee\/ee\/wp-json\/wp\/v2\/pages\/193","targetHints":{"allow":["GET"]}}],"collection":[{"href":"https:\/\/www.kalashnikov.ee\/ee\/wp-json\/wp\/v2\/pages"}],"about":[{"href":"https:\/\/www.kalashnikov.ee\/ee\/wp-json\/wp\/v2\/types\/page"}],"author":[{"embeddable":true,"href":"https:\/\/www.kalashnikov.ee\/ee\/wp-json\/wp\/v2\/users\/1"}],"replies":[{"embeddable":true,"href":"https:\/\/www.kalashnikov.ee\/ee\/wp-json\/wp\/v2\/comments?post=193"}],"version-history":[{"count":33,"href":"https:\/\/www.kalashnikov.ee\/ee\/wp-json\/wp\/v2\/pages\/193\/revisions"}],"predecessor-version":[{"id":4316,"href":"https:\/\/www.kalashnikov.ee\/ee\/wp-json\/wp\/v2\/pages\/193\/revisions\/4316"}],"up":[{"embeddable":true,"href":"https:\/\/www.kalashnikov.ee\/ee\/wp-json\/wp\/v2\/pages\/14"}],"wp:attachment":[{"href":"https:\/\/www.kalashnikov.ee\/ee\/wp-json\/wp\/v2\/media?parent=193"}],"curies":[{"name":"wp","href":"https:\/\/api.w.org\/{rel}","templated":true}]}}