{"id":1007,"date":"2015-01-20T15:38:22","date_gmt":"2015-01-20T11:38:22","guid":{"rendered":"http:\/\/www.kalashnikov.ee\/?page_id=1007"},"modified":"2019-03-01T12:28:18","modified_gmt":"2019-03-01T10:28:18","slug":"bankrotnoe-proizvodstvo-v-otnoshenii-fizicheskogo-lica","status":"publish","type":"page","link":"https:\/\/www.kalashnikov.ee\/ee\/oigusburoo\/teenused\/pankrotimenetlus-fuusilise-isiku-suhtes","title":{"rendered":"Pankrotimenetlus f\u00fc\u00fcsilise isiku suhtes"},"content":{"rendered":"<p><strong>Kalashnikov \u00d5igusb\u00fcroo<\/strong> pakub oma klientidele kvaliteetse juriidilise toe kompleksteenust, mis puudatab k\u00f5iki eraisiku pankrotimenetluse protsessi k\u00e4igus tekkivate n\u00fcansside lahendamist.<\/p>\n<p>Elus juhtub ka nii, et inimene ei suuda enam t\u00e4ita oma kohustusi v\u00f5lausaldajate ees ja tunneb, et teda ohustab v\u00f5lgnike nimekirja sattumine. Mida teha? Kelle poole p\u00f6\u00f6rduda abi saamiseks, kui postikasti kuhjub v\u00f5lateateid, aga sissetulekutest piisab napilt vaid oma elamiskulude katteks? N\u00e4iliselt lahendamatust olukorrast on v\u00e4ljap\u00e4\u00e4s \u2013 kuulutada v\u00e4lja f\u00fc\u00fcsilise isiku pankrot.<\/p>\n<p><strong>Pankroti staatus annab v\u00f5lgnikule v\u00f5imaluse alustada oma majanduselu uuesti: p\u00e4rast seda, kui v\u00f5lausaldajad saavad k\u00f5ik, mida v\u00f5lgnik on v\u00f5imeline neile erinevatel viisidel korvama, vabastab kohus v\u00f5lgniku tema v\u00f5lgadest.<\/strong><\/p>\n<p>Iga situatsioon on omamoodi ainulaadne ja n\u00f5uab alati individuaalset l\u00e4henemist. Seet\u00f5ttu soovitame teil p\u00f6\u00f6rduda olukorra l\u00e4biarutamiseks meie b\u00fcrosse. <strong>Konsultatsiooni ajal me:<\/strong><\/p>\n<ul>\n<li>Teostame eraisiku pankrotimenetluse teemat puudutava p\u00f5hjalikku \u00f5igusalast kosultatsiooni<\/li>\n<li>Selgitame ja arutame l\u00e4bi k\u00f5ik antud protsessi puudutavaid n\u00fcansid ja pisiasjad<\/li>\n<li>Selgitame kliendile k\u00f5iki v\u00f5imalikke tagaj\u00e4rgi<\/li>\n<li>Arutame kliendiga l\u00e4bi k\u00f5ik v\u00f5imalikud \u201cpoolt\u201d ja \u201cvastu\u201d argumendid ning teostame anal\u00fc\u00fcsi, kas on majanduslikult otstarbekas antud protsessi alustada<\/li>\n<li>Koostame edasise tegevuskava<\/li>\n<li>Valmistame ette ja edastame kohtusse k\u00f5ik vajalikud dokumendid f\u00fc\u00fcsilise isiku pankrotimenetluse alustamiseks<\/li>\n<li>Koostame ja edastame kohtusse avaldust v\u00f5lgadest vabastamise menetluse alustamiseks<\/li>\n<li>Osutame kliendile \u00f5igusalast tuge kogu pankrotimenetluse protsessi toimumise k\u00e4igus<\/li>\n<\/ul>\n<p><strong>Kalashnikov \u00d5igusb\u00fcroo on alati valmis n\u00f5ustama ja osutama kvaliteetset \u00f5igusalast abi oma klientidele igas pankrotimenetlust puudutavas k\u00fcsimuses. <\/strong><\/p>\n<p><strong>Konsultatsiooni aja broneerimiseks palume v\u00f5tta meiega \u00fchendust telefoni v\u00f5i e-posti teel, v\u00f5i t\u00e4ita vastav\u00a0<a href=\"http:\/\/www.kalashnikov.ee\/yuridicheskoye-byuro\/zapis-na-priyom\">registreerimisvorm<\/a> meie kodulehel.<\/strong><\/p>\n<p><\/p>","protected":false},"excerpt":{"rendered":"<p>Kalashnikov \u00d5igusb\u00fcroo pakub oma klientidele kvaliteetse juriidilise toe kompleksteenust, mis puudatab k\u00f5iki eraisiku pankrotimenetluse protsessi k\u00e4igus tekkivate n\u00fcansside lahendamist. Elus&#8230;<\/p>\n","protected":false},"author":3,"featured_media":0,"parent":14,"menu_order":0,"comment_status":"open","ping_status":"open","template":"page-services.php","meta":{"_acf_changed":false,"footnotes":""},"class_list":["post-1007","page","type-page","status-publish","hentry"],"acf":[],"_links":{"self":[{"href":"https:\/\/www.kalashnikov.ee\/ee\/wp-json\/wp\/v2\/pages\/1007","targetHints":{"allow":["GET"]}}],"collection":[{"href":"https:\/\/www.kalashnikov.ee\/ee\/wp-json\/wp\/v2\/pages"}],"about":[{"href":"https:\/\/www.kalashnikov.ee\/ee\/wp-json\/wp\/v2\/types\/page"}],"author":[{"embeddable":true,"href":"https:\/\/www.kalashnikov.ee\/ee\/wp-json\/wp\/v2\/users\/3"}],"replies":[{"embeddable":true,"href":"https:\/\/www.kalashnikov.ee\/ee\/wp-json\/wp\/v2\/comments?post=1007"}],"version-history":[{"count":10,"href":"https:\/\/www.kalashnikov.ee\/ee\/wp-json\/wp\/v2\/pages\/1007\/revisions"}],"predecessor-version":[{"id":4332,"href":"https:\/\/www.kalashnikov.ee\/ee\/wp-json\/wp\/v2\/pages\/1007\/revisions\/4332"}],"up":[{"embeddable":true,"href":"https:\/\/www.kalashnikov.ee\/ee\/wp-json\/wp\/v2\/pages\/14"}],"wp:attachment":[{"href":"https:\/\/www.kalashnikov.ee\/ee\/wp-json\/wp\/v2\/media?parent=1007"}],"curies":[{"name":"wp","href":"https:\/\/api.w.org\/{rel}","templated":true}]}}